{"id":44,"date":"2018-08-13T18:28:38","date_gmt":"2018-08-13T18:28:38","guid":{"rendered":"http:\/\/www.urban-furniture.cz\/?page_id=44"},"modified":"2021-02-12T09:14:34","modified_gmt":"2021-02-12T09:14:34","slug":"o-nas","status":"publish","type":"page","link":"https:\/\/www.urban-furniture.cz\/index.php\/o-nas\/","title":{"rendered":"O n\u00e1s"},"content":{"rendered":"<p>&nbsp;<\/p>\n<p><img decoding=\"async\" loading=\"lazy\" class=\"size-medium wp-image-677 alignleft\" src=\"http:\/\/www.urban-furniture.cz\/wp-content\/uploads\/2018\/08\/loga-287x300.png\" alt=\"\" width=\"287\" height=\"300\" srcset=\"https:\/\/www.urban-furniture.cz\/wp-content\/uploads\/2018\/08\/loga-287x300.png 287w, https:\/\/www.urban-furniture.cz\/wp-content\/uploads\/2018\/08\/loga.png 596w\" sizes=\"(max-width: 287px) 100vw, 287px\" \/><\/p>\n<p>Jsme mlad\u00e1 finan\u010dn\u011b stabiln\u00ed \u010desk\u00e1 firma se smluvn\u011b zaji\u0161t\u011bnou v\u00fdrobn\u00ed kapacitou, nab\u00edzej\u00edc\u00ed \u00faplnou \u0161k\u00e1lu m\u011bstsk\u00e9ho mobili\u00e1\u0159e vyroben\u00e9ho z&nbsp; kvalitn\u00edch materi\u00e1l\u016f, s mo\u017enost\u00ed \u201esmart\u201c \u0159e\u0161en\u00ed a s jednotn\u00fdm vzhledem.<\/p>\n<p>Dok\u00e1\u017eeme tak\u00e9 navrhnout a vyrobit jak\u00fdkoli kus mobili\u00e1\u0159e, dle p\u0159\u00e1n\u00ed nebo zad\u00e1n\u00ed z\u00e1kazn\u00edka. D\u00edky 3D modelaci jsme schopni z\u00e1kazn\u00edkovi po\u017eadovan\u00fd kus mobili\u00e1\u0159e uk\u00e1zat je\u0161t\u011b d\u0159\u00edve, ne\u017e dojde k v\u00fdrob\u011b prototypu. Tento proces je m\u00e9n\u011b n\u00e1kladn\u00fd a n\u00e1vrh lze libovoln\u011b m\u011bnit i po v\u00fdrob\u011b 3D modelu. 3D modelov\u00e1n\u00ed prov\u00e1d\u00edme na vlastn\u00ed 3D tisk\u00e1rn\u011b, co\u017e znamen\u00e1 \u00fasporu \u010dasu p\u0159i n\u00e1vrz\u00edch.<\/p>\n<p>M\u00e1me vlastn\u00ed \u201esmart\u201c \u0159e\u0161en\u00ed pro r\u016fzn\u00e9 typy mobili\u00e1\u0159e, od sol\u00e1rn\u00ed lavi\u010dky po sol\u00e1rn\u00ed ko\u0161 s m\u011b\u0159en\u00edm m\u00edry zapln\u011bn\u00ed.<\/p>\n<p><strong>Pro\u010d pr\u00e1v\u011b my:<\/strong><br \/>\nKvalita proveden\u00ed &#8211; ka\u017ed\u00fd jednotliv\u00fd kus proch\u00e1z\u00ed p\u0159\u00edsnou v\u00fdrobn\u00ed a po<br \/>\nv\u00fdrobn\u00ed kontrolou.<br \/>\nMo\u017enost v\u00fdb\u011bru z mnoha materi\u00e1l\u016f a barev.<br \/>\nZ\u00e1ruka dod\u00e1n\u00ed v dohodnut\u00e9m term\u00ednu pod smluvn\u011b zaji\u0161t\u011bnou slevou.<br \/>\nCena v\u00fdrobku odpov\u00edd\u00e1 jeho kvalit\u011b a je ni\u017e\u0161\u00ed ne\u017e u konkurence.<br \/>\nZapsan\u00e9 u\u017eitn\u00e9 vzory zaji\u0161\u0165uj\u00ed stejnou koncepci cel\u00e9 struktury mobili\u00e1\u0159e.<br \/>\n\u0160irok\u00e1 nab\u00eddka produkt\u016f od z\u00e1kladn\u00ed lavi\u010dky po inteligentn\u00ed ko\u0161.<br \/>\nMo\u017enost individu\u00e1ln\u00edch \u00faprav dle p\u0159\u00e1n\u00ed objednatele.<br \/>\nZ\u00e1ru\u010dn\u00ed i po-z\u00e1ru\u010dn\u00ed servis, jistota dod\u00e1n\u00ed n\u00e1hradn\u00edch d\u00edl\u016f v budoucnu.<br \/>\nVytvo\u0159\u00edme V\u00e1m mobili\u00e1\u0159 na m\u00edru.<\/p>\n<p>&nbsp;<\/p>\n<p><strong>Ocelov\u00e9 \u010d\u00e1sti mobili\u00e1\u0159e<img decoding=\"async\" loading=\"lazy\" class=\"size-medium wp-image-227 alignleft\" src=\"http:\/\/www.urban-furniture.cz\/wp-content\/uploads\/2018\/08\/kovovyroba-300x170.jpg\" alt=\"\" width=\"300\" height=\"170\" srcset=\"https:\/\/www.urban-furniture.cz\/wp-content\/uploads\/2018\/08\/kovovyroba-300x170.jpg 300w, https:\/\/www.urban-furniture.cz\/wp-content\/uploads\/2018\/08\/kovovyroba-768x436.jpg 768w, https:\/\/www.urban-furniture.cz\/wp-content\/uploads\/2018\/08\/kovovyroba.jpg 1000w\" sizes=\"(max-width: 300px) 100vw, 300px\" \/><\/strong><br \/>\nP\u0159i v\u00fdrob\u011b ocelov\u00fdch \u010d\u00e1st\u00ed na\u0161eho mobili\u00e1\u0159e vyu\u017e\u00edv\u00e1me vysoce kvalitn\u00ed ocel, kterou n\u00e1sledn\u011b o\u0161et\u0159\u00edme antikorozn\u00edm n\u00e1t\u011brem a opat\u0159\u00edme pr\u00e1\u0161kovou barvou, kterou zape\u010deme. D\u00edky tomu maj\u00ed tyto komponenty dlouhou \u017eivotnost<br \/>\na schopnost odolat pov\u011btrnostn\u00edm vliv\u016fm i vandal\u016fm. Na v\u00fdb\u011br m\u00e1te z mnoha odst\u00edn\u016f barev, m\u016f\u017eete si tedy n\u00e1mi nab\u00edzen\u00fd mobili\u00e1\u0159 uzp\u016fsobit sv\u00fdm&nbsp; p\u0159edstav\u00e1m \u010di vizu\u00e1ln\u00ed jednot\u011b v prostoru. V\u00edce informaci o pou\u017e\u00edvan\u00fdch materi\u00e1lech naleznete na konci katalogu.<\/p>\n<p>&nbsp;<\/p>\n<p><strong>D\u0159ev\u011bn\u00e9 \u010d\u00e1sti mobili\u00e1\u0159e<img decoding=\"async\" loading=\"lazy\" class=\"size-medium wp-image-54 alignleft\" src=\"http:\/\/www.urban-furniture.cz\/wp-content\/uploads\/2018\/08\/drevovyroba-300x200.jpg\" alt=\"\" width=\"300\" height=\"200\" srcset=\"https:\/\/www.urban-furniture.cz\/wp-content\/uploads\/2018\/08\/drevovyroba-300x200.jpg 300w, https:\/\/www.urban-furniture.cz\/wp-content\/uploads\/2018\/08\/drevovyroba-768x512.jpg 768w, https:\/\/www.urban-furniture.cz\/wp-content\/uploads\/2018\/08\/drevovyroba-1024x683.jpg 1024w, https:\/\/www.urban-furniture.cz\/wp-content\/uploads\/2018\/08\/drevovyroba.jpg 1500w\" sizes=\"(max-width: 300px) 100vw, 300px\" \/><\/strong><br \/>\nU d\u0159ev\u011bn\u00fdch komponent mobili\u00e1\u0159e vyb\u00edr\u00e1me pouze vysoce kvalitn\u00ed \u0159ezivo. A\u0165 u\u017e se jedn\u00e1 o smrk, dub \u010di jakoukoli tropickou d\u0159evinu, v\u017edy pou\u017e\u00edv\u00e1me to nejlep\u0161\u00ed co lze nab\u00eddnout. \u0160patn\u011b vybran\u00e9 \u0159ezivo m\u016f\u017ee v budoucnu natropit mnoho pot\u00ed\u017e\u00ed. D\u00edky 20 let\u00e9 praxi na\u0161eho truhl\u00e1\u0159e (um\u011bleck\u00fd \u0159ezb\u00e1\u0159, truhl\u00e1\u0159) se tomu s n\u00e1mi vyvarujete. \u0158ezivo je v\u017edy vyb\u00edr\u00e1no tak, aby byl pou\u017eit pouze ten materi\u00e1l, kter\u00fd je pro danou komponentu vhodn\u00fd. V\u00edce informaci o pou\u017e\u00edvan\u00fdch materi\u00e1lech naleznete na konci katalogu.<\/p>\n","protected":false},"excerpt":{"rendered":"<p>&nbsp; Jsme mlad\u00e1 finan\u010dn\u011b stabiln\u00ed \u010desk\u00e1 firma se smluvn\u011b zaji\u0161t\u011bnou v\u00fdrobn\u00ed kapacitou, nab\u00edzej\u00edc\u00ed \u00faplnou \u0161k\u00e1lu m\u011bstsk\u00e9ho mobili\u00e1\u0159e vyroben\u00e9ho z&nbsp; kvalitn\u00edch materi\u00e1l\u016f, s mo\u017enost\u00ed \u201esmart\u201c \u0159e\u0161en\u00ed a s jednotn\u00fdm vzhledem. Dok\u00e1\u017eeme tak\u00e9 navrhnout a vyrobit jak\u00fdkoli kus mobili\u00e1\u0159e, dle p\u0159\u00e1n\u00ed nebo zad\u00e1n\u00ed z\u00e1kazn\u00edka. D\u00edky 3D modelaci jsme schopni z\u00e1kazn\u00edkovi po\u017eadovan\u00fd kus mobili\u00e1\u0159e uk\u00e1zat je\u0161t\u011b d\u0159\u00edve, ne\u017e &hellip; <\/p>\n<p class=\"link-more\"><a href=\"https:\/\/www.urban-furniture.cz\/index.php\/o-nas\/\" class=\"more-link\">Pokra\u010dovat ve \u010dten\u00ed<span class=\"screen-reader-text\"> &#8220;O n\u00e1s&#8221;<\/span><\/a><\/p>\n","protected":false},"author":1,"featured_media":0,"parent":0,"menu_order":0,"comment_status":"closed","ping_status":"closed","template":"","meta":{"content-type":""},"yoast_head":"<!-- This site is optimized with the Yoast SEO plugin v20.2.1 - https:\/\/yoast.com\/wordpress\/plugins\/seo\/ -->\n<title>O n\u00e1s &bull; Urban-furniture %O-NAS%INFORMACE%PODROBNOSTI<\/title>\n<meta name=\"description\" content=\"O n\u00e1s %O-NAS%INFORMACE%PODROBNOSTI%CO-DELAME%\" \/>\n<meta name=\"robots\" content=\"index, follow, max-snippet:-1, max-image-preview:large, max-video-preview:-1\" \/>\n<link rel=\"canonical\" href=\"https:\/\/www.urban-furniture.cz\/index.php\/o-nas\/\" \/>\n<meta property=\"og:locale\" content=\"cs_CZ\" \/>\n<meta property=\"og:type\" content=\"article\" \/>\n<meta property=\"og:title\" content=\"O n\u00e1s &bull; Urban-furniture %O-NAS%INFORMACE%PODROBNOSTI\" \/>\n<meta property=\"og:description\" content=\"O n\u00e1s %O-NAS%INFORMACE%PODROBNOSTI%CO-DELAME%\" \/>\n<meta property=\"og:url\" content=\"https:\/\/www.urban-furniture.cz\/index.php\/o-nas\/\" \/>\n<meta property=\"og:site_name\" content=\"Urban-furniture\" \/>\n<meta property=\"article:publisher\" content=\"https:\/\/www.facebook.com\/urbanfurniturefuture\/\" \/>\n<meta property=\"article:modified_time\" content=\"2021-02-12T09:14:34+00:00\" \/>\n<meta property=\"og:image\" content=\"http:\/\/www.urban-furniture.cz\/wp-content\/uploads\/2018\/08\/loga-287x300.png\" \/>\n<meta name=\"twitter:card\" content=\"summary_large_image\" \/>\n<meta name=\"twitter:label1\" content=\"Odhadovan\u00e1 doba \u010dten\u00ed\" \/>\n\t<meta name=\"twitter:data1\" content=\"2 minuty\" \/>\n<script type=\"application\/ld+json\" class=\"yoast-schema-graph\">{\"@context\":\"https:\/\/schema.org\",\"@graph\":[{\"@type\":\"WebPage\",\"@id\":\"https:\/\/www.urban-furniture.cz\/index.php\/o-nas\/\",\"url\":\"https:\/\/www.urban-furniture.cz\/index.php\/o-nas\/\",\"name\":\"O n\u00e1s &bull; Urban-furniture %O-NAS%INFORMACE%PODROBNOSTI\",\"isPartOf\":{\"@id\":\"https:\/\/www.urban-furniture.cz\/#website\"},\"datePublished\":\"2018-08-13T18:28:38+00:00\",\"dateModified\":\"2021-02-12T09:14:34+00:00\",\"description\":\"O n\u00e1s %O-NAS%INFORMACE%PODROBNOSTI%CO-DELAME%\",\"breadcrumb\":{\"@id\":\"https:\/\/www.urban-furniture.cz\/index.php\/o-nas\/#breadcrumb\"},\"inLanguage\":\"cs\",\"potentialAction\":[{\"@type\":\"ReadAction\",\"target\":[\"https:\/\/www.urban-furniture.cz\/index.php\/o-nas\/\"]}]},{\"@type\":\"BreadcrumbList\",\"@id\":\"https:\/\/www.urban-furniture.cz\/index.php\/o-nas\/#breadcrumb\",\"itemListElement\":[{\"@type\":\"ListItem\",\"position\":1,\"name\":\"Dom\u016f\",\"item\":\"https:\/\/www.urban-furniture.cz\/\"},{\"@type\":\"ListItem\",\"position\":2,\"name\":\"O n\u00e1s\"}]},{\"@type\":\"WebSite\",\"@id\":\"https:\/\/www.urban-furniture.cz\/#website\",\"url\":\"https:\/\/www.urban-furniture.cz\/\",\"name\":\"M\u011bstsk\u00fd mobili\u00e1\u0159\",\"description\":\"m\u011bstsk\u00fd mobili\u00e1\u0159 na m\u00edru\",\"publisher\":{\"@id\":\"https:\/\/www.urban-furniture.cz\/#organization\"},\"potentialAction\":[{\"@type\":\"SearchAction\",\"target\":{\"@type\":\"EntryPoint\",\"urlTemplate\":\"https:\/\/www.urban-furniture.cz\/?s={search_term_string}\"},\"query-input\":\"required name=search_term_string\"}],\"inLanguage\":\"cs\"},{\"@type\":\"Organization\",\"@id\":\"https:\/\/www.urban-furniture.cz\/#organization\",\"name\":\"Urban-furniture s.r.o.\",\"url\":\"https:\/\/www.urban-furniture.cz\/\",\"logo\":{\"@type\":\"ImageObject\",\"inLanguage\":\"cs\",\"@id\":\"https:\/\/www.urban-furniture.cz\/#\/schema\/logo\/image\/\",\"url\":\"https:\/\/www.urban-furniture.cz\/wp-content\/uploads\/2018\/08\/logo-urban.png\",\"contentUrl\":\"https:\/\/www.urban-furniture.cz\/wp-content\/uploads\/2018\/08\/logo-urban.png\",\"width\":1215,\"height\":413,\"caption\":\"Urban-furniture s.r.o.\"},\"image\":{\"@id\":\"https:\/\/www.urban-furniture.cz\/#\/schema\/logo\/image\/\"},\"sameAs\":[\"https:\/\/www.facebook.com\/urbanfurniturefuture\/\"]}]}<\/script>\n<!-- \/ Yoast SEO plugin. -->","yoast_head_json":{"title":"O n\u00e1s &bull; Urban-furniture %O-NAS%INFORMACE%PODROBNOSTI","description":"O n\u00e1s %O-NAS%INFORMACE%PODROBNOSTI%CO-DELAME%","robots":{"index":"index","follow":"follow","max-snippet":"max-snippet:-1","max-image-preview":"max-image-preview:large","max-video-preview":"max-video-preview:-1"},"canonical":"https:\/\/www.urban-furniture.cz\/index.php\/o-nas\/","og_locale":"cs_CZ","og_type":"article","og_title":"O n\u00e1s &bull; Urban-furniture %O-NAS%INFORMACE%PODROBNOSTI","og_description":"O n\u00e1s %O-NAS%INFORMACE%PODROBNOSTI%CO-DELAME%","og_url":"https:\/\/www.urban-furniture.cz\/index.php\/o-nas\/","og_site_name":"Urban-furniture","article_publisher":"https:\/\/www.facebook.com\/urbanfurniturefuture\/","article_modified_time":"2021-02-12T09:14:34+00:00","og_image":[{"url":"http:\/\/www.urban-furniture.cz\/wp-content\/uploads\/2018\/08\/loga-287x300.png"}],"twitter_card":"summary_large_image","twitter_misc":{"Odhadovan\u00e1 doba \u010dten\u00ed":"2 minuty"},"schema":{"@context":"https:\/\/schema.org","@graph":[{"@type":"WebPage","@id":"https:\/\/www.urban-furniture.cz\/index.php\/o-nas\/","url":"https:\/\/www.urban-furniture.cz\/index.php\/o-nas\/","name":"O n\u00e1s &bull; Urban-furniture %O-NAS%INFORMACE%PODROBNOSTI","isPartOf":{"@id":"https:\/\/www.urban-furniture.cz\/#website"},"datePublished":"2018-08-13T18:28:38+00:00","dateModified":"2021-02-12T09:14:34+00:00","description":"O n\u00e1s %O-NAS%INFORMACE%PODROBNOSTI%CO-DELAME%","breadcrumb":{"@id":"https:\/\/www.urban-furniture.cz\/index.php\/o-nas\/#breadcrumb"},"inLanguage":"cs","potentialAction":[{"@type":"ReadAction","target":["https:\/\/www.urban-furniture.cz\/index.php\/o-nas\/"]}]},{"@type":"BreadcrumbList","@id":"https:\/\/www.urban-furniture.cz\/index.php\/o-nas\/#breadcrumb","itemListElement":[{"@type":"ListItem","position":1,"name":"Dom\u016f","item":"https:\/\/www.urban-furniture.cz\/"},{"@type":"ListItem","position":2,"name":"O n\u00e1s"}]},{"@type":"WebSite","@id":"https:\/\/www.urban-furniture.cz\/#website","url":"https:\/\/www.urban-furniture.cz\/","name":"M\u011bstsk\u00fd mobili\u00e1\u0159","description":"m\u011bstsk\u00fd mobili\u00e1\u0159 na m\u00edru","publisher":{"@id":"https:\/\/www.urban-furniture.cz\/#organization"},"potentialAction":[{"@type":"SearchAction","target":{"@type":"EntryPoint","urlTemplate":"https:\/\/www.urban-furniture.cz\/?s={search_term_string}"},"query-input":"required name=search_term_string"}],"inLanguage":"cs"},{"@type":"Organization","@id":"https:\/\/www.urban-furniture.cz\/#organization","name":"Urban-furniture s.r.o.","url":"https:\/\/www.urban-furniture.cz\/","logo":{"@type":"ImageObject","inLanguage":"cs","@id":"https:\/\/www.urban-furniture.cz\/#\/schema\/logo\/image\/","url":"https:\/\/www.urban-furniture.cz\/wp-content\/uploads\/2018\/08\/logo-urban.png","contentUrl":"https:\/\/www.urban-furniture.cz\/wp-content\/uploads\/2018\/08\/logo-urban.png","width":1215,"height":413,"caption":"Urban-furniture s.r.o."},"image":{"@id":"https:\/\/www.urban-furniture.cz\/#\/schema\/logo\/image\/"},"sameAs":["https:\/\/www.facebook.com\/urbanfurniturefuture\/"]}]}},"_links":{"self":[{"href":"https:\/\/www.urban-furniture.cz\/index.php\/wp-json\/wp\/v2\/pages\/44"}],"collection":[{"href":"https:\/\/www.urban-furniture.cz\/index.php\/wp-json\/wp\/v2\/pages"}],"about":[{"href":"https:\/\/www.urban-furniture.cz\/index.php\/wp-json\/wp\/v2\/types\/page"}],"author":[{"embeddable":true,"href":"https:\/\/www.urban-furniture.cz\/index.php\/wp-json\/wp\/v2\/users\/1"}],"replies":[{"embeddable":true,"href":"https:\/\/www.urban-furniture.cz\/index.php\/wp-json\/wp\/v2\/comments?post=44"}],"version-history":[{"count":11,"href":"https:\/\/www.urban-furniture.cz\/index.php\/wp-json\/wp\/v2\/pages\/44\/revisions"}],"predecessor-version":[{"id":1029,"href":"https:\/\/www.urban-furniture.cz\/index.php\/wp-json\/wp\/v2\/pages\/44\/revisions\/1029"}],"wp:attachment":[{"href":"https:\/\/www.urban-furniture.cz\/index.php\/wp-json\/wp\/v2\/media?parent=44"}],"curies":[{"name":"wp","href":"https:\/\/api.w.org\/{rel}","templated":true}]}}