{"id":378,"date":"2018-08-17T20:09:19","date_gmt":"2018-08-17T20:09:19","guid":{"rendered":"http:\/\/www.urban-furniture.cz\/?page_id=378"},"modified":"2021-02-16T08:36:18","modified_gmt":"2021-02-16T08:36:18","slug":"odpadkove-kose","status":"publish","type":"page","link":"https:\/\/www.urban-furniture.cz\/index.php\/odpadkove-kose\/","title":{"rendered":"Odpadkov\u00e9 ko\u0161e"},"content":{"rendered":"\n<p><strong><span style=\"color:#007a82\" class=\"has-inline-color\">Navigace \u2388<\/span><\/strong><\/p>\n\n\n\n<p><a href=\"http:\/\/www.urban-furniture.cz\/index.php\/lavicky-2\/\">Lavi\u010dky<\/a> | Odpadkov\u00e9 ko\u0161e | <a href=\"http:\/\/www.urban-furniture.cz\/index.php\/stojany-na-kola\/\">Stojany na kola<\/a> | <a href=\"http:\/\/www.urban-furniture.cz\/index.php\/smart-solutions\/\">Smart Solutions<\/a> | <a href=\"http:\/\/www.urban-furniture.cz\/index.php\/interierovy-nabytek-a-ostatni\/\">Interi\u00e9rov\u00fd mobili\u00e1\u0159<\/a> | <a href=\"http:\/\/www.urban-furniture.cz\/index.php\/ostatni-produkty\/\">Ostatn\u00ed produkty<\/a><\/p>\n\n\n\n<figure class=\"wp-block-table\"><table><tbody><tr><td><\/td><\/tr><\/tbody><\/table><\/figure>\n\n\n\n<figure class=\"wp-block-table\"><table><tbody><tr><td><a href=\"https:\/\/www.urban-furniture.cz\/index.php\/odpadkovy-kos-torino-1\/\"><img decoding=\"async\" loading=\"lazy\" width=\"2400\" height=\"1159\" class=\"wp-image-1268\" src=\"http:\/\/www.urban-furniture.cz\/wp-content\/uploads\/2021\/02\/ko\u0161-Torino-1.png\" alt=\"\" style=\"width: 500px;\" srcset=\"https:\/\/www.urban-furniture.cz\/wp-content\/uploads\/2021\/02\/ko\u0161-Torino-1.png 2400w, https:\/\/www.urban-furniture.cz\/wp-content\/uploads\/2021\/02\/ko\u0161-Torino-1-300x145.png 300w, https:\/\/www.urban-furniture.cz\/wp-content\/uploads\/2021\/02\/ko\u0161-Torino-1-1024x495.png 1024w, https:\/\/www.urban-furniture.cz\/wp-content\/uploads\/2021\/02\/ko\u0161-Torino-1-768x371.png 768w, https:\/\/www.urban-furniture.cz\/wp-content\/uploads\/2021\/02\/ko\u0161-Torino-1-1536x742.png 1536w, https:\/\/www.urban-furniture.cz\/wp-content\/uploads\/2021\/02\/ko\u0161-Torino-1-2048x989.png 2048w, https:\/\/www.urban-furniture.cz\/wp-content\/uploads\/2021\/02\/ko\u0161-Torino-1-24x12.png 24w, https:\/\/www.urban-furniture.cz\/wp-content\/uploads\/2021\/02\/ko\u0161-Torino-1-36x17.png 36w, https:\/\/www.urban-furniture.cz\/wp-content\/uploads\/2021\/02\/ko\u0161-Torino-1-48x23.png 48w\" sizes=\"(max-width: 706px) 89vw, (max-width: 767px) 82vw, 740px\" \/><\/a><\/td><td><a href=\"https:\/\/www.urban-furniture.cz\/index.php\/odpadkovy-kos-torino-2\/\"><img decoding=\"async\" loading=\"lazy\" width=\"2400\" height=\"1159\" class=\"wp-image-1269\" src=\"http:\/\/www.urban-furniture.cz\/wp-content\/uploads\/2021\/02\/ko\u0161-Torino-2.png\" alt=\"\" style=\"width: 500px;\" srcset=\"https:\/\/www.urban-furniture.cz\/wp-content\/uploads\/2021\/02\/ko\u0161-Torino-2.png 2400w, https:\/\/www.urban-furniture.cz\/wp-content\/uploads\/2021\/02\/ko\u0161-Torino-2-300x145.png 300w, https:\/\/www.urban-furniture.cz\/wp-content\/uploads\/2021\/02\/ko\u0161-Torino-2-1024x495.png 1024w, https:\/\/www.urban-furniture.cz\/wp-content\/uploads\/2021\/02\/ko\u0161-Torino-2-768x371.png 768w, https:\/\/www.urban-furniture.cz\/wp-content\/uploads\/2021\/02\/ko\u0161-Torino-2-1536x742.png 1536w, https:\/\/www.urban-furniture.cz\/wp-content\/uploads\/2021\/02\/ko\u0161-Torino-2-2048x989.png 2048w, https:\/\/www.urban-furniture.cz\/wp-content\/uploads\/2021\/02\/ko\u0161-Torino-2-24x12.png 24w, https:\/\/www.urban-furniture.cz\/wp-content\/uploads\/2021\/02\/ko\u0161-Torino-2-36x17.png 36w, https:\/\/www.urban-furniture.cz\/wp-content\/uploads\/2021\/02\/ko\u0161-Torino-2-48x23.png 48w\" sizes=\"(max-width: 706px) 89vw, (max-width: 767px) 82vw, 740px\" \/><\/a><\/td><\/tr><tr><td><strong><a href=\"https:\/\/www.urban-furniture.cz\/index.php\/odpadkovy-kos-torino-1\/\">Odpadkov\u00fd ko\u0161 Torino 1<\/a><\/strong><br>\u010d. prod.: 1301-0010<\/td><td><strong><a href=\"https:\/\/www.urban-furniture.cz\/index.php\/odpadkovy-kos-torino-2\/\"><strong>Odpadkov\u00fd ko\u0161 Torino <\/strong>2<\/a><br><\/strong>\u010d. prod.: 1301-0011<\/td><\/tr><tr><td><strong>rozm\u011bry v mm (\u2205, v):<\/strong> <em>500, 1400<\/em><br><strong>materi\u00e1ly:<\/strong> <em>ocel<\/em><br><strong>povrchov\u00e1 \u00faprava:<\/strong> <em>pr\u00e1\u0161kov\u00fd lak, mo\u0159en\u00ed<\/em><br><strong>objem:<\/strong> 90 l<\/td><td><strong>rozm\u011bry v mm (\u2205, v):<\/strong> <em>500, 1400<\/em><br><strong>materi\u00e1ly:<\/strong> <em>ocel<\/em><br><strong>povrchov\u00e1 \u00faprava:<\/strong> <em>pr\u00e1\u0161kov\u00fd lak, mo\u0159en\u00ed<\/em><br><strong>objem:<\/strong> 40 l<\/td><\/tr><tr><td><strong><a href=\"https:\/\/www.urban-furniture.cz\/index.php\/odpadkovy-kos-torino-1\/\">Ke sta\u017een\u00ed<\/a> <\/strong>\u25bf<\/td><td><strong><a href=\"https:\/\/www.urban-furniture.cz\/index.php\/odpadkovy-kos-torino-2\/\">Ke sta\u017een\u00ed<\/a> <\/strong>\u25bf<\/td><\/tr><\/tbody><\/table><figcaption><strong><strong><strong>Pozn\u00e1mka:<\/strong><\/strong><em> <\/em><\/strong><em>Rozm\u011bry mobili\u00e1\u0159e lze upravit dle p\u0159\u00e1n\u00ed investora.<\/em><\/figcaption><\/figure>\n\n\n\n<figure class=\"wp-block-table\"><table><tbody><tr><td><a href=\"https:\/\/www.urban-furniture.cz\/index.php\/odpadkovy-kos-modena\/\"><img decoding=\"async\" src=\"http:\/\/www.urban-furniture.cz\/wp-content\/uploads\/2021\/02\/ko\u0161-Modena-1.png\" alt=\"\" style=\"width: 500px;\"><\/a><\/td><td><a href=\"https:\/\/www.urban-furniture.cz\/index.php\/odpadkovy-kos-modena-2\/\"><img decoding=\"async\" loading=\"lazy\" width=\"2400\" height=\"1159\" class=\"wp-image-1270\" src=\"http:\/\/www.urban-furniture.cz\/wp-content\/uploads\/2021\/02\/ko\u0161-Modena-2.png\" alt=\"\" style=\"width: 500px;\" srcset=\"https:\/\/www.urban-furniture.cz\/wp-content\/uploads\/2021\/02\/ko\u0161-Modena-2.png 2400w, https:\/\/www.urban-furniture.cz\/wp-content\/uploads\/2021\/02\/ko\u0161-Modena-2-300x145.png 300w, https:\/\/www.urban-furniture.cz\/wp-content\/uploads\/2021\/02\/ko\u0161-Modena-2-1024x495.png 1024w, https:\/\/www.urban-furniture.cz\/wp-content\/uploads\/2021\/02\/ko\u0161-Modena-2-768x371.png 768w, https:\/\/www.urban-furniture.cz\/wp-content\/uploads\/2021\/02\/ko\u0161-Modena-2-1536x742.png 1536w, https:\/\/www.urban-furniture.cz\/wp-content\/uploads\/2021\/02\/ko\u0161-Modena-2-2048x989.png 2048w, https:\/\/www.urban-furniture.cz\/wp-content\/uploads\/2021\/02\/ko\u0161-Modena-2-24x12.png 24w, https:\/\/www.urban-furniture.cz\/wp-content\/uploads\/2021\/02\/ko\u0161-Modena-2-36x17.png 36w, https:\/\/www.urban-furniture.cz\/wp-content\/uploads\/2021\/02\/ko\u0161-Modena-2-48x23.png 48w\" sizes=\"(max-width: 706px) 89vw, (max-width: 767px) 82vw, 740px\" \/><\/a><\/td><\/tr><tr><td><a href=\"https:\/\/www.urban-furniture.cz\/index.php\/odpadkovy-kos-modena\/\"><strong>Odpadkov\u00fd ko\u0161 Modena 1<\/strong><\/a><br>\u010d. prod: 1709-0011<\/td><td><strong><a href=\"https:\/\/www.urban-furniture.cz\/index.php\/odpadkovy-kos-modena-2\/\">Odpadkov\u00fd ko\u0161 Modena 2<\/a><\/strong><br>\u010d. prod: 1709-0011<\/td><\/tr><tr><td><strong>rozm\u011bry v mm (\u2205, v):<\/strong> <em>500, 1010<\/em><br><strong>materi\u00e1ly:<\/strong> <em>ocel<\/em><br><strong>povrchov\u00e1 \u00faprava:<\/strong> <em>pr\u00e1\u0161kov\u00fd lak, mo\u0159en\u00ed<\/em><br><strong>objem:<\/strong> 90 l<\/td><td><strong>rozm\u011bry v mm (\u2205, v):<\/strong> <em>500, 1400<\/em><br><strong>materi\u00e1ly:<\/strong> <em>ocel<\/em><br><strong>povrchov\u00e1 \u00faprava:<\/strong> <em>pr\u00e1\u0161kov\u00fd lak, mo\u0159en\u00ed<\/em><br><strong>objem:<\/strong> 2 x 40 l<\/td><\/tr><tr><td><strong><a href=\"https:\/\/www.urban-furniture.cz\/index.php\/odpadkovy-kos-modena\/\">Ke sta\u017een\u00ed<\/a> <\/strong>\u25bf<\/td><td><strong><a href=\"https:\/\/www.urban-furniture.cz\/index.php\/odpadkovy-kos-modena-2\/\">Ke sta\u017een\u00ed<\/a> <\/strong>\u25bf<\/td><\/tr><\/tbody><\/table><figcaption><strong><strong><strong>Pozn\u00e1mka:<\/strong><\/strong><\/strong><em> Rozm\u011bry mobili\u00e1\u0159e lze upravit dle p\u0159\u00e1n\u00ed investora.<\/em><\/figcaption><\/figure>\n\n\n\n<figure class=\"wp-block-table\"><table><tbody><tr><td><a href=\"https:\/\/www.urban-furniture.cz\/index.php\/odpadkovy-kos-imola-1\/\"><img decoding=\"async\" loading=\"lazy\" width=\"2400\" height=\"1159\" class=\"wp-image-1275\" src=\"http:\/\/www.urban-furniture.cz\/wp-content\/uploads\/2021\/02\/ko\u0161-Imola-1.png\" alt=\"\" style=\"width: 500px;\" srcset=\"https:\/\/www.urban-furniture.cz\/wp-content\/uploads\/2021\/02\/ko\u0161-Imola-1.png 2400w, https:\/\/www.urban-furniture.cz\/wp-content\/uploads\/2021\/02\/ko\u0161-Imola-1-300x145.png 300w, https:\/\/www.urban-furniture.cz\/wp-content\/uploads\/2021\/02\/ko\u0161-Imola-1-1024x495.png 1024w, https:\/\/www.urban-furniture.cz\/wp-content\/uploads\/2021\/02\/ko\u0161-Imola-1-768x371.png 768w, https:\/\/www.urban-furniture.cz\/wp-content\/uploads\/2021\/02\/ko\u0161-Imola-1-1536x742.png 1536w, https:\/\/www.urban-furniture.cz\/wp-content\/uploads\/2021\/02\/ko\u0161-Imola-1-2048x989.png 2048w, https:\/\/www.urban-furniture.cz\/wp-content\/uploads\/2021\/02\/ko\u0161-Imola-1-24x12.png 24w, https:\/\/www.urban-furniture.cz\/wp-content\/uploads\/2021\/02\/ko\u0161-Imola-1-36x17.png 36w, https:\/\/www.urban-furniture.cz\/wp-content\/uploads\/2021\/02\/ko\u0161-Imola-1-48x23.png 48w\" sizes=\"(max-width: 706px) 89vw, (max-width: 767px) 82vw, 740px\" \/><\/a><\/td><td><a href=\"https:\/\/www.urban-furniture.cz\/index.php\/odpadkovy-kos-imola-2\/\"><img decoding=\"async\" loading=\"lazy\" width=\"2400\" height=\"1159\" class=\"wp-image-1274\" src=\"http:\/\/www.urban-furniture.cz\/wp-content\/uploads\/2021\/02\/ko\u0161-Imola-2.png\" alt=\"\" style=\"width: 500px;\" srcset=\"https:\/\/www.urban-furniture.cz\/wp-content\/uploads\/2021\/02\/ko\u0161-Imola-2.png 2400w, https:\/\/www.urban-furniture.cz\/wp-content\/uploads\/2021\/02\/ko\u0161-Imola-2-300x145.png 300w, https:\/\/www.urban-furniture.cz\/wp-content\/uploads\/2021\/02\/ko\u0161-Imola-2-1024x495.png 1024w, https:\/\/www.urban-furniture.cz\/wp-content\/uploads\/2021\/02\/ko\u0161-Imola-2-768x371.png 768w, https:\/\/www.urban-furniture.cz\/wp-content\/uploads\/2021\/02\/ko\u0161-Imola-2-1536x742.png 1536w, https:\/\/www.urban-furniture.cz\/wp-content\/uploads\/2021\/02\/ko\u0161-Imola-2-2048x989.png 2048w, https:\/\/www.urban-furniture.cz\/wp-content\/uploads\/2021\/02\/ko\u0161-Imola-2-24x12.png 24w, https:\/\/www.urban-furniture.cz\/wp-content\/uploads\/2021\/02\/ko\u0161-Imola-2-36x17.png 36w, https:\/\/www.urban-furniture.cz\/wp-content\/uploads\/2021\/02\/ko\u0161-Imola-2-48x23.png 48w\" sizes=\"(max-width: 706px) 89vw, (max-width: 767px) 82vw, 740px\" \/><\/a><\/td><\/tr><tr><td><strong><a href=\"https:\/\/www.urban-furniture.cz\/index.php\/odpadkovy-kos-imola-1\/\">Odpadkov\u00fd ko\u0161 Imola 1<\/a><\/strong><br>\u010d. prod.: 1302-0101 (12, 13, 14)<\/td><td><strong><a href=\"https:\/\/www.urban-furniture.cz\/index.php\/odpadkovy-kos-imola-2\/\">Odpadkov\u00fd ko\u0161 Imola 2<\/a><\/strong><br>\u010d. prod.: 1302-0102 (22, 23, 24)<\/td><\/tr><tr><td><strong><strong>rozm\u011bry v mm (\u0161, v, d):<\/strong> <\/strong><em>300, 1010, 450<\/em><br><strong>materi\u00e1ly:<\/strong> <em>ocel<\/em><br><strong>povrchov\u00e1 \u00faprava:<\/strong> <em>pr\u00e1\u0161kov\u00fd lak, mo\u0159en\u00ed<\/em><br><strong>objem:<\/strong> cca. 60 l<\/td><td><strong><strong><strong>rozm\u011bry v mm (\u0161, v, d):<\/strong> <\/strong><\/strong><em>300, 870, 450<\/em><br><strong>materi\u00e1ly:<\/strong> <em>ocel<\/em><br><strong>povrchov\u00e1 \u00faprava:<\/strong> <em>pr\u00e1\u0161kov\u00fd lak, mo\u0159en\u00ed<\/em><br><strong>objem:<\/strong> cca. 60 l<\/td><\/tr><tr><td><strong><a href=\"https:\/\/www.urban-furniture.cz\/index.php\/odpadkovy-kos-imola-1\/\">Ke sta\u017een\u00ed<\/a> <\/strong>\u25bf<\/td><td><strong><a href=\"https:\/\/www.urban-furniture.cz\/index.php\/odpadkovy-kos-imola-2\/\">Ke sta\u017een\u00ed<\/a> <\/strong>\u25bf<\/td><\/tr><\/tbody><\/table><figcaption><strong><strong><strong>Pozn\u00e1mka:<\/strong><\/strong><em> <\/em><\/strong><em>Rozm\u011bry mobili\u00e1\u0159e lze upravit dle p\u0159\u00e1n\u00ed investora.<\/em><\/figcaption><\/figure>\n\n\n\n<figure class=\"wp-block-table\"><table><tbody><tr><td><img decoding=\"async\" loading=\"lazy\" width=\"195\" height=\"143\" class=\"wp-image-1262\" src=\"http:\/\/www.urban-furniture.cz\/wp-content\/uploads\/2021\/02\/otazn\u00edk-velk\u00fd.png\" alt=\"\" style=\"width: 250px;\" srcset=\"https:\/\/www.urban-furniture.cz\/wp-content\/uploads\/2021\/02\/otazn\u00edk-velk\u00fd.png 195w, https:\/\/www.urban-furniture.cz\/wp-content\/uploads\/2021\/02\/otazn\u00edk-velk\u00fd-24x18.png 24w, https:\/\/www.urban-furniture.cz\/wp-content\/uploads\/2021\/02\/otazn\u00edk-velk\u00fd-36x26.png 36w, https:\/\/www.urban-furniture.cz\/wp-content\/uploads\/2021\/02\/otazn\u00edk-velk\u00fd-48x35.png 48w\" sizes=\"(max-width: 195px) 100vw, 195px\" \/><\/td><td><\/td><\/tr><tr><td><strong>Odpadkov\u00fd ko\u0161 na zak\u00e1zku<\/strong><br>\u010d. prod.: 0000-0000<\/td><td><\/td><\/tr><tr><td><strong><strong>rozm\u011bry v mm (\u0161, v, d):<\/strong> <\/strong><em>dle p\u0159\u00e1n\u00ed<\/em><br><strong>materi\u00e1ly:<\/strong> <em>dle p\u0159\u00e1n\u00ed<\/em><br><strong>povrchov\u00e1 \u00faprava:<\/strong> <em>dle p\u0159\u00e1n\u00ed<\/em><br><strong>objem:<\/strong> dle p\u0159\u00e1n\u00ed<\/td><td><\/td><\/tr><tr><td><strong>Popt\u00e1vkov\u00fd formul\u00e1\u0159 \u25b9<\/strong><\/td><td><\/td><\/tr><\/tbody><\/table><\/figure>\n\n\n\n<p>\u25c1\u25c1 <a href=\"http:\/\/www.urban-furniture.cz\/index.php\/produkty-2\/\">ZP\u011aT<\/a><\/p>\n","protected":false},"excerpt":{"rendered":"<p>Navigace \u2388 Lavi\u010dky | Odpadkov\u00e9 ko\u0161e | Stojany na kola | Smart Solutions | Interi\u00e9rov\u00fd mobili\u00e1\u0159 | Ostatn\u00ed produkty Odpadkov\u00fd ko\u0161 Torino 1\u010d. prod.: 1301-0010 Odpadkov\u00fd ko\u0161 Torino 2\u010d. prod.: 1301-0011 rozm\u011bry v mm (\u2205, v): 500, 1400materi\u00e1ly: ocelpovrchov\u00e1 \u00faprava: pr\u00e1\u0161kov\u00fd lak, mo\u0159en\u00edobjem: 90 l rozm\u011bry v mm (\u2205, v): 500, 1400materi\u00e1ly: ocelpovrchov\u00e1 \u00faprava: pr\u00e1\u0161kov\u00fd &hellip; <\/p>\n<p class=\"link-more\"><a href=\"https:\/\/www.urban-furniture.cz\/index.php\/odpadkove-kose\/\" class=\"more-link\">Pokra\u010dovat ve \u010dten\u00ed<span class=\"screen-reader-text\"> &#8220;Odpadkov\u00e9 ko\u0161e&#8221;<\/span><\/a><\/p>\n","protected":false},"author":1,"featured_media":0,"parent":0,"menu_order":0,"comment_status":"closed","ping_status":"closed","template":"","meta":{"content-type":""},"yoast_head":"<!-- This site is optimized with the Yoast SEO plugin v20.2.1 - https:\/\/yoast.com\/wordpress\/plugins\/seo\/ -->\n<title>Odpadkov\u00e9 ko\u0161e &bull; Urban-furniture<\/title>\n<meta name=\"robots\" content=\"index, follow, max-snippet:-1, max-image-preview:large, max-video-preview:-1\" \/>\n<link rel=\"canonical\" href=\"https:\/\/www.urban-furniture.cz\/index.php\/odpadkove-kose\/\" \/>\n<meta property=\"og:locale\" content=\"cs_CZ\" \/>\n<meta property=\"og:type\" content=\"article\" \/>\n<meta property=\"og:title\" content=\"Odpadkov\u00e9 ko\u0161e &bull; Urban-furniture\" \/>\n<meta property=\"og:description\" content=\"Navigace \u2388 Lavi\u010dky | Odpadkov\u00e9 ko\u0161e | Stojany na kola | Smart Solutions | Interi\u00e9rov\u00fd mobili\u00e1\u0159 | Ostatn\u00ed produkty Odpadkov\u00fd ko\u0161 Torino 1\u010d. prod.: 1301-0010 Odpadkov\u00fd ko\u0161 Torino 2\u010d. prod.: 1301-0011 rozm\u011bry v mm (\u2205, v): 500, 1400materi\u00e1ly: ocelpovrchov\u00e1 \u00faprava: pr\u00e1\u0161kov\u00fd lak, mo\u0159en\u00edobjem: 90 l rozm\u011bry v mm (\u2205, v): 500, 1400materi\u00e1ly: ocelpovrchov\u00e1 \u00faprava: pr\u00e1\u0161kov\u00fd &hellip; Pokra\u010dovat ve \u010dten\u00ed &quot;Odpadkov\u00e9 ko\u0161e&quot;\" \/>\n<meta property=\"og:url\" content=\"https:\/\/www.urban-furniture.cz\/index.php\/odpadkove-kose\/\" \/>\n<meta property=\"og:site_name\" content=\"Urban-furniture\" \/>\n<meta property=\"article:publisher\" content=\"https:\/\/www.facebook.com\/urbanfurniturefuture\/\" \/>\n<meta property=\"article:modified_time\" content=\"2021-02-16T08:36:18+00:00\" \/>\n<meta property=\"og:image\" content=\"http:\/\/www.urban-furniture.cz\/wp-content\/uploads\/2021\/02\/ko\u0161-Torino-1.png\" \/>\n<meta name=\"twitter:card\" content=\"summary_large_image\" \/>\n<meta name=\"twitter:label1\" content=\"Odhadovan\u00e1 doba \u010dten\u00ed\" \/>\n\t<meta name=\"twitter:data1\" content=\"1 minuta\" \/>\n<script type=\"application\/ld+json\" class=\"yoast-schema-graph\">{\"@context\":\"https:\/\/schema.org\",\"@graph\":[{\"@type\":\"WebPage\",\"@id\":\"https:\/\/www.urban-furniture.cz\/index.php\/odpadkove-kose\/\",\"url\":\"https:\/\/www.urban-furniture.cz\/index.php\/odpadkove-kose\/\",\"name\":\"Odpadkov\u00e9 ko\u0161e &bull; Urban-furniture\",\"isPartOf\":{\"@id\":\"https:\/\/www.urban-furniture.cz\/#website\"},\"datePublished\":\"2018-08-17T20:09:19+00:00\",\"dateModified\":\"2021-02-16T08:36:18+00:00\",\"breadcrumb\":{\"@id\":\"https:\/\/www.urban-furniture.cz\/index.php\/odpadkove-kose\/#breadcrumb\"},\"inLanguage\":\"cs\",\"potentialAction\":[{\"@type\":\"ReadAction\",\"target\":[\"https:\/\/www.urban-furniture.cz\/index.php\/odpadkove-kose\/\"]}]},{\"@type\":\"BreadcrumbList\",\"@id\":\"https:\/\/www.urban-furniture.cz\/index.php\/odpadkove-kose\/#breadcrumb\",\"itemListElement\":[{\"@type\":\"ListItem\",\"position\":1,\"name\":\"Dom\u016f\",\"item\":\"https:\/\/www.urban-furniture.cz\/\"},{\"@type\":\"ListItem\",\"position\":2,\"name\":\"Odpadkov\u00e9 ko\u0161e\"}]},{\"@type\":\"WebSite\",\"@id\":\"https:\/\/www.urban-furniture.cz\/#website\",\"url\":\"https:\/\/www.urban-furniture.cz\/\",\"name\":\"M\u011bstsk\u00fd mobili\u00e1\u0159\",\"description\":\"m\u011bstsk\u00fd mobili\u00e1\u0159 na m\u00edru\",\"publisher\":{\"@id\":\"https:\/\/www.urban-furniture.cz\/#organization\"},\"potentialAction\":[{\"@type\":\"SearchAction\",\"target\":{\"@type\":\"EntryPoint\",\"urlTemplate\":\"https:\/\/www.urban-furniture.cz\/?s={search_term_string}\"},\"query-input\":\"required name=search_term_string\"}],\"inLanguage\":\"cs\"},{\"@type\":\"Organization\",\"@id\":\"https:\/\/www.urban-furniture.cz\/#organization\",\"name\":\"Urban-furniture s.r.o.\",\"url\":\"https:\/\/www.urban-furniture.cz\/\",\"logo\":{\"@type\":\"ImageObject\",\"inLanguage\":\"cs\",\"@id\":\"https:\/\/www.urban-furniture.cz\/#\/schema\/logo\/image\/\",\"url\":\"https:\/\/www.urban-furniture.cz\/wp-content\/uploads\/2018\/08\/logo-urban.png\",\"contentUrl\":\"https:\/\/www.urban-furniture.cz\/wp-content\/uploads\/2018\/08\/logo-urban.png\",\"width\":1215,\"height\":413,\"caption\":\"Urban-furniture s.r.o.\"},\"image\":{\"@id\":\"https:\/\/www.urban-furniture.cz\/#\/schema\/logo\/image\/\"},\"sameAs\":[\"https:\/\/www.facebook.com\/urbanfurniturefuture\/\"]}]}<\/script>\n<!-- \/ Yoast SEO plugin. -->","yoast_head_json":{"title":"Odpadkov\u00e9 ko\u0161e &bull; Urban-furniture","robots":{"index":"index","follow":"follow","max-snippet":"max-snippet:-1","max-image-preview":"max-image-preview:large","max-video-preview":"max-video-preview:-1"},"canonical":"https:\/\/www.urban-furniture.cz\/index.php\/odpadkove-kose\/","og_locale":"cs_CZ","og_type":"article","og_title":"Odpadkov\u00e9 ko\u0161e &bull; Urban-furniture","og_description":"Navigace \u2388 Lavi\u010dky | Odpadkov\u00e9 ko\u0161e | Stojany na kola | Smart Solutions | Interi\u00e9rov\u00fd mobili\u00e1\u0159 | Ostatn\u00ed produkty Odpadkov\u00fd ko\u0161 Torino 1\u010d. prod.: 1301-0010 Odpadkov\u00fd ko\u0161 Torino 2\u010d. prod.: 1301-0011 rozm\u011bry v mm (\u2205, v): 500, 1400materi\u00e1ly: ocelpovrchov\u00e1 \u00faprava: pr\u00e1\u0161kov\u00fd lak, mo\u0159en\u00edobjem: 90 l rozm\u011bry v mm (\u2205, v): 500, 1400materi\u00e1ly: ocelpovrchov\u00e1 \u00faprava: pr\u00e1\u0161kov\u00fd &hellip; Pokra\u010dovat ve \u010dten\u00ed \"Odpadkov\u00e9 ko\u0161e\"","og_url":"https:\/\/www.urban-furniture.cz\/index.php\/odpadkove-kose\/","og_site_name":"Urban-furniture","article_publisher":"https:\/\/www.facebook.com\/urbanfurniturefuture\/","article_modified_time":"2021-02-16T08:36:18+00:00","og_image":[{"url":"http:\/\/www.urban-furniture.cz\/wp-content\/uploads\/2021\/02\/ko\u0161-Torino-1.png"}],"twitter_card":"summary_large_image","twitter_misc":{"Odhadovan\u00e1 doba \u010dten\u00ed":"1 minuta"},"schema":{"@context":"https:\/\/schema.org","@graph":[{"@type":"WebPage","@id":"https:\/\/www.urban-furniture.cz\/index.php\/odpadkove-kose\/","url":"https:\/\/www.urban-furniture.cz\/index.php\/odpadkove-kose\/","name":"Odpadkov\u00e9 ko\u0161e &bull; Urban-furniture","isPartOf":{"@id":"https:\/\/www.urban-furniture.cz\/#website"},"datePublished":"2018-08-17T20:09:19+00:00","dateModified":"2021-02-16T08:36:18+00:00","breadcrumb":{"@id":"https:\/\/www.urban-furniture.cz\/index.php\/odpadkove-kose\/#breadcrumb"},"inLanguage":"cs","potentialAction":[{"@type":"ReadAction","target":["https:\/\/www.urban-furniture.cz\/index.php\/odpadkove-kose\/"]}]},{"@type":"BreadcrumbList","@id":"https:\/\/www.urban-furniture.cz\/index.php\/odpadkove-kose\/#breadcrumb","itemListElement":[{"@type":"ListItem","position":1,"name":"Dom\u016f","item":"https:\/\/www.urban-furniture.cz\/"},{"@type":"ListItem","position":2,"name":"Odpadkov\u00e9 ko\u0161e"}]},{"@type":"WebSite","@id":"https:\/\/www.urban-furniture.cz\/#website","url":"https:\/\/www.urban-furniture.cz\/","name":"M\u011bstsk\u00fd mobili\u00e1\u0159","description":"m\u011bstsk\u00fd mobili\u00e1\u0159 na m\u00edru","publisher":{"@id":"https:\/\/www.urban-furniture.cz\/#organization"},"potentialAction":[{"@type":"SearchAction","target":{"@type":"EntryPoint","urlTemplate":"https:\/\/www.urban-furniture.cz\/?s={search_term_string}"},"query-input":"required name=search_term_string"}],"inLanguage":"cs"},{"@type":"Organization","@id":"https:\/\/www.urban-furniture.cz\/#organization","name":"Urban-furniture s.r.o.","url":"https:\/\/www.urban-furniture.cz\/","logo":{"@type":"ImageObject","inLanguage":"cs","@id":"https:\/\/www.urban-furniture.cz\/#\/schema\/logo\/image\/","url":"https:\/\/www.urban-furniture.cz\/wp-content\/uploads\/2018\/08\/logo-urban.png","contentUrl":"https:\/\/www.urban-furniture.cz\/wp-content\/uploads\/2018\/08\/logo-urban.png","width":1215,"height":413,"caption":"Urban-furniture s.r.o."},"image":{"@id":"https:\/\/www.urban-furniture.cz\/#\/schema\/logo\/image\/"},"sameAs":["https:\/\/www.facebook.com\/urbanfurniturefuture\/"]}]}},"_links":{"self":[{"href":"https:\/\/www.urban-furniture.cz\/index.php\/wp-json\/wp\/v2\/pages\/378"}],"collection":[{"href":"https:\/\/www.urban-furniture.cz\/index.php\/wp-json\/wp\/v2\/pages"}],"about":[{"href":"https:\/\/www.urban-furniture.cz\/index.php\/wp-json\/wp\/v2\/types\/page"}],"author":[{"embeddable":true,"href":"https:\/\/www.urban-furniture.cz\/index.php\/wp-json\/wp\/v2\/users\/1"}],"replies":[{"embeddable":true,"href":"https:\/\/www.urban-furniture.cz\/index.php\/wp-json\/wp\/v2\/comments?post=378"}],"version-history":[{"count":21,"href":"https:\/\/www.urban-furniture.cz\/index.php\/wp-json\/wp\/v2\/pages\/378\/revisions"}],"predecessor-version":[{"id":1672,"href":"https:\/\/www.urban-furniture.cz\/index.php\/wp-json\/wp\/v2\/pages\/378\/revisions\/1672"}],"wp:attachment":[{"href":"https:\/\/www.urban-furniture.cz\/index.php\/wp-json\/wp\/v2\/media?parent=378"}],"curies":[{"name":"wp","href":"https:\/\/api.w.org\/{rel}","templated":true}]}}