{"id":302,"date":"2018-08-13T19:07:44","date_gmt":"2018-08-13T19:07:44","guid":{"rendered":"http:\/\/www.urban-furniture.cz\/?page_id=302"},"modified":"2025-04-06T19:52:49","modified_gmt":"2025-04-06T19:52:49","slug":"kontakt","status":"publish","type":"page","link":"https:\/\/www.urban-furniture.cz\/index.php\/kontakt\/","title":{"rendered":"Kontakt"},"content":{"rendered":"<p><strong>S\u00eddlo:<\/strong><\/p>\n<p>Urban furniture s.r.o.<img decoding=\"async\" loading=\"lazy\" class=\"size-medium wp-image-13 alignright\" src=\"http:\/\/www.urban-furniture.cz\/wp-content\/uploads\/2018\/08\/logo-urban-300x102.png\" alt=\"\" width=\"300\" height=\"102\" srcset=\"https:\/\/www.urban-furniture.cz\/wp-content\/uploads\/2018\/08\/logo-urban-300x102.png 300w, https:\/\/www.urban-furniture.cz\/wp-content\/uploads\/2018\/08\/logo-urban-768x261.png 768w, https:\/\/www.urban-furniture.cz\/wp-content\/uploads\/2018\/08\/logo-urban-1024x348.png 1024w, https:\/\/www.urban-furniture.cz\/wp-content\/uploads\/2018\/08\/logo-urban.png 1215w\" sizes=\"(max-width: 300px) 100vw, 300px\" \/><\/p>\n<p>Vlastina 889\/23<\/p>\n<p>161 00 Praha 6<\/p>\n<p>I\u010cO: 06757278<\/p>\n<p>DI\u010c: CZ06757278<\/p>\n<p><strong>Kontakt:<\/strong><\/p>\n<p>tel.: +420 733 126 593<\/p>\n<p>tel.: +420 604 955 433<\/p>\n<p>email: info@urban-furniture.cz<\/p>\n<p>web: www.urban-furniture.cz<\/p>\n<p><strong>Kontaktn\u00ed formul\u00e1\u0159:<\/strong><\/p>\n\n<div class=\"wpcf7 no-js\" id=\"wpcf7-f666-o1\" lang=\"cs-CZ\" dir=\"ltr\">\n<div class=\"screen-reader-response\"><p role=\"status\" aria-live=\"polite\" aria-atomic=\"true\"><\/p> <ul><\/ul><\/div>\n<form action=\"\/index.php\/wp-json\/wp\/v2\/pages\/302#wpcf7-f666-o1\" method=\"post\" class=\"wpcf7-form init\" aria-label=\"Kontaktn\u00ed formul\u00e1\u0159\" novalidate=\"novalidate\" data-status=\"init\">\n<div style=\"display: none;\">\n<input type=\"hidden\" name=\"_wpcf7\" value=\"666\" \/>\n<input type=\"hidden\" name=\"_wpcf7_version\" value=\"5.7.4\" \/>\n<input type=\"hidden\" name=\"_wpcf7_locale\" value=\"cs_CZ\" \/>\n<input type=\"hidden\" name=\"_wpcf7_unit_tag\" value=\"wpcf7-f666-o1\" \/>\n<input type=\"hidden\" name=\"_wpcf7_container_post\" value=\"0\" \/>\n<input type=\"hidden\" name=\"_wpcf7_posted_data_hash\" value=\"\" \/>\n<input type=\"hidden\" name=\"_wpcf7_recaptcha_response\" value=\"\" \/>\n<\/div>\n<p><label> Va\u0161e jm\u00e9no (vy\u017eadov\u00e1no)<br \/>\n<span class=\"wpcf7-form-control-wrap\" data-name=\"your-name\"><input size=\"40\" class=\"wpcf7-form-control wpcf7-text wpcf7-validates-as-required\" aria-required=\"true\" aria-invalid=\"false\" value=\"\" type=\"text\" name=\"your-name\" \/><\/span> <\/label>\n<\/p>\n<p><label> V\u00e1\u0161 e-mail (vy\u017eadov\u00e1no)<br \/>\n<span class=\"wpcf7-form-control-wrap\" data-name=\"your-email\"><input size=\"40\" class=\"wpcf7-form-control wpcf7-text wpcf7-email wpcf7-validates-as-required wpcf7-validates-as-email\" aria-required=\"true\" aria-invalid=\"false\" value=\"\" type=\"email\" name=\"your-email\" \/><\/span> <\/label>\n<\/p>\n<p><label> P\u0159edm\u011bt (vy\u017eadov\u00e1no)<br \/>\n<span class=\"wpcf7-form-control-wrap\" data-name=\"your-subject\"><input size=\"40\" class=\"wpcf7-form-control wpcf7-text wpcf7-validates-as-required\" aria-required=\"true\" aria-invalid=\"false\" value=\"\" type=\"text\" name=\"your-subject\" \/><\/span> <\/label>\n<\/p>\n<p><label> Telefonn\u00ed \u010d\u00edslo<br \/>\n<span class=\"wpcf7-form-control-wrap\" data-name=\"tel-453\"><input size=\"40\" class=\"wpcf7-form-control wpcf7-text wpcf7-tel wpcf7-validates-as-required wpcf7-validates-as-tel\" aria-required=\"true\" aria-invalid=\"false\" value=\"\" type=\"tel\" name=\"tel-453\" \/><\/span> <\/label>\n<\/p>\n<p><label> Va\u0161e zpr\u00e1va<br \/>\n<span class=\"wpcf7-form-control-wrap\" data-name=\"your-message\"><textarea cols=\"40\" rows=\"10\" class=\"wpcf7-form-control wpcf7-textarea\" aria-invalid=\"false\" name=\"your-message\"><\/textarea><\/span> <\/label>\n<\/p>\n<p><input class=\"wpcf7-form-control has-spinner wpcf7-submit\" type=\"submit\" value=\"Odeslat\" \/>\n<\/p><p style=\"display: none !important;\"><label>&#916;<textarea name=\"_wpcf7_ak_hp_textarea\" cols=\"45\" rows=\"8\" maxlength=\"100\"><\/textarea><\/label><input type=\"hidden\" id=\"ak_js_1\" name=\"_wpcf7_ak_js\" value=\"231\"\/><script>document.getElementById( \"ak_js_1\" ).setAttribute( \"value\", ( new Date() ).getTime() );<\/script><\/p><div class=\"wpcf7-response-output\" aria-hidden=\"true\"><\/div>\n<\/form>\n<\/div>\n\n\n\n<p>Pro popt\u00e1n\u00ed vlastn\u00edho, konkr\u00e9tn\u00edho mobli\u00e1\u0159e pou\u017eijte <a href=\"http:\/\/www.urban-furniture.cz\/index.php\/poptavka-individualniho-mobiliare\/\">&#8220;Popt\u00e1vka individu\u00e1ln\u00edho mobili\u00e1\u0159e&#8221;<\/a><\/p>\n","protected":false},"excerpt":{"rendered":"<p>S\u00eddlo: Urban furniture s.r.o. Vlastina 889\/23 161 00 Praha 6 I\u010cO: 06757278 DI\u010c: CZ06757278 Kontakt: tel.: +420 733 126 593 tel.: +420 604 955 433 email: info@urban-furniture.cz web: www.urban-furniture.cz Kontaktn\u00ed formul\u00e1\u0159: Pro popt\u00e1n\u00ed vlastn\u00edho, konkr\u00e9tn\u00edho mobli\u00e1\u0159e pou\u017eijte &#8220;Popt\u00e1vka individu\u00e1ln\u00edho mobili\u00e1\u0159e&#8221;<\/p>\n","protected":false},"author":1,"featured_media":0,"parent":0,"menu_order":0,"comment_status":"closed","ping_status":"closed","template":"","meta":{"content-type":""},"yoast_head":"<!-- This site is optimized with the Yoast SEO plugin v20.2.1 - https:\/\/yoast.com\/wordpress\/plugins\/seo\/ -->\n<title>Kontakt &bull; Urban-furniture<\/title>\n<meta name=\"robots\" content=\"index, follow, max-snippet:-1, max-image-preview:large, max-video-preview:-1\" \/>\n<link rel=\"canonical\" href=\"https:\/\/www.urban-furniture.cz\/index.php\/kontakt\/\" \/>\n<meta property=\"og:locale\" content=\"cs_CZ\" \/>\n<meta property=\"og:type\" content=\"article\" \/>\n<meta property=\"og:title\" content=\"Kontakt &bull; Urban-furniture\" \/>\n<meta property=\"og:description\" content=\"S\u00eddlo: Urban furniture s.r.o. Vlastina 889\/23 161 00 Praha 6 I\u010cO: 06757278 DI\u010c: CZ06757278 Kontakt: tel.: +420 733 126 593 tel.: +420 604 955 433 email: info@urban-furniture.cz web: www.urban-furniture.cz Kontaktn\u00ed formul\u00e1\u0159: Pro popt\u00e1n\u00ed vlastn\u00edho, konkr\u00e9tn\u00edho mobli\u00e1\u0159e pou\u017eijte &#8220;Popt\u00e1vka individu\u00e1ln\u00edho mobili\u00e1\u0159e&#8221;\" \/>\n<meta property=\"og:url\" content=\"https:\/\/www.urban-furniture.cz\/index.php\/kontakt\/\" \/>\n<meta property=\"og:site_name\" content=\"Urban-furniture\" \/>\n<meta property=\"article:publisher\" content=\"https:\/\/www.facebook.com\/urbanfurniturefuture\/\" \/>\n<meta property=\"article:modified_time\" content=\"2025-04-06T19:52:49+00:00\" \/>\n<meta property=\"og:image\" content=\"http:\/\/www.urban-furniture.cz\/wp-content\/uploads\/2018\/08\/logo-urban-300x102.png\" \/>\n<meta name=\"twitter:card\" content=\"summary_large_image\" \/>\n<meta name=\"twitter:label1\" content=\"Odhadovan\u00e1 doba \u010dten\u00ed\" \/>\n\t<meta name=\"twitter:data1\" content=\"1 minuta\" \/>\n<script type=\"application\/ld+json\" class=\"yoast-schema-graph\">{\"@context\":\"https:\/\/schema.org\",\"@graph\":[{\"@type\":\"WebPage\",\"@id\":\"https:\/\/www.urban-furniture.cz\/index.php\/kontakt\/\",\"url\":\"https:\/\/www.urban-furniture.cz\/index.php\/kontakt\/\",\"name\":\"Kontakt &bull; Urban-furniture\",\"isPartOf\":{\"@id\":\"https:\/\/www.urban-furniture.cz\/#website\"},\"datePublished\":\"2018-08-13T19:07:44+00:00\",\"dateModified\":\"2025-04-06T19:52:49+00:00\",\"breadcrumb\":{\"@id\":\"https:\/\/www.urban-furniture.cz\/index.php\/kontakt\/#breadcrumb\"},\"inLanguage\":\"cs\",\"potentialAction\":[{\"@type\":\"ReadAction\",\"target\":[\"https:\/\/www.urban-furniture.cz\/index.php\/kontakt\/\"]}]},{\"@type\":\"BreadcrumbList\",\"@id\":\"https:\/\/www.urban-furniture.cz\/index.php\/kontakt\/#breadcrumb\",\"itemListElement\":[{\"@type\":\"ListItem\",\"position\":1,\"name\":\"Dom\u016f\",\"item\":\"https:\/\/www.urban-furniture.cz\/\"},{\"@type\":\"ListItem\",\"position\":2,\"name\":\"Kontakt\"}]},{\"@type\":\"WebSite\",\"@id\":\"https:\/\/www.urban-furniture.cz\/#website\",\"url\":\"https:\/\/www.urban-furniture.cz\/\",\"name\":\"M\u011bstsk\u00fd mobili\u00e1\u0159\",\"description\":\"m\u011bstsk\u00fd mobili\u00e1\u0159 na m\u00edru\",\"publisher\":{\"@id\":\"https:\/\/www.urban-furniture.cz\/#organization\"},\"potentialAction\":[{\"@type\":\"SearchAction\",\"target\":{\"@type\":\"EntryPoint\",\"urlTemplate\":\"https:\/\/www.urban-furniture.cz\/?s={search_term_string}\"},\"query-input\":\"required name=search_term_string\"}],\"inLanguage\":\"cs\"},{\"@type\":\"Organization\",\"@id\":\"https:\/\/www.urban-furniture.cz\/#organization\",\"name\":\"Urban-furniture s.r.o.\",\"url\":\"https:\/\/www.urban-furniture.cz\/\",\"logo\":{\"@type\":\"ImageObject\",\"inLanguage\":\"cs\",\"@id\":\"https:\/\/www.urban-furniture.cz\/#\/schema\/logo\/image\/\",\"url\":\"https:\/\/www.urban-furniture.cz\/wp-content\/uploads\/2018\/08\/logo-urban.png\",\"contentUrl\":\"https:\/\/www.urban-furniture.cz\/wp-content\/uploads\/2018\/08\/logo-urban.png\",\"width\":1215,\"height\":413,\"caption\":\"Urban-furniture s.r.o.\"},\"image\":{\"@id\":\"https:\/\/www.urban-furniture.cz\/#\/schema\/logo\/image\/\"},\"sameAs\":[\"https:\/\/www.facebook.com\/urbanfurniturefuture\/\"]}]}<\/script>\n<!-- \/ Yoast SEO plugin. -->","yoast_head_json":{"title":"Kontakt &bull; Urban-furniture","robots":{"index":"index","follow":"follow","max-snippet":"max-snippet:-1","max-image-preview":"max-image-preview:large","max-video-preview":"max-video-preview:-1"},"canonical":"https:\/\/www.urban-furniture.cz\/index.php\/kontakt\/","og_locale":"cs_CZ","og_type":"article","og_title":"Kontakt &bull; Urban-furniture","og_description":"S\u00eddlo: Urban furniture s.r.o. Vlastina 889\/23 161 00 Praha 6 I\u010cO: 06757278 DI\u010c: CZ06757278 Kontakt: tel.: +420 733 126 593 tel.: +420 604 955 433 email: info@urban-furniture.cz web: www.urban-furniture.cz Kontaktn\u00ed formul\u00e1\u0159: Pro popt\u00e1n\u00ed vlastn\u00edho, konkr\u00e9tn\u00edho mobli\u00e1\u0159e pou\u017eijte &#8220;Popt\u00e1vka individu\u00e1ln\u00edho mobili\u00e1\u0159e&#8221;","og_url":"https:\/\/www.urban-furniture.cz\/index.php\/kontakt\/","og_site_name":"Urban-furniture","article_publisher":"https:\/\/www.facebook.com\/urbanfurniturefuture\/","article_modified_time":"2025-04-06T19:52:49+00:00","og_image":[{"url":"http:\/\/www.urban-furniture.cz\/wp-content\/uploads\/2018\/08\/logo-urban-300x102.png"}],"twitter_card":"summary_large_image","twitter_misc":{"Odhadovan\u00e1 doba \u010dten\u00ed":"1 minuta"},"schema":{"@context":"https:\/\/schema.org","@graph":[{"@type":"WebPage","@id":"https:\/\/www.urban-furniture.cz\/index.php\/kontakt\/","url":"https:\/\/www.urban-furniture.cz\/index.php\/kontakt\/","name":"Kontakt &bull; Urban-furniture","isPartOf":{"@id":"https:\/\/www.urban-furniture.cz\/#website"},"datePublished":"2018-08-13T19:07:44+00:00","dateModified":"2025-04-06T19:52:49+00:00","breadcrumb":{"@id":"https:\/\/www.urban-furniture.cz\/index.php\/kontakt\/#breadcrumb"},"inLanguage":"cs","potentialAction":[{"@type":"ReadAction","target":["https:\/\/www.urban-furniture.cz\/index.php\/kontakt\/"]}]},{"@type":"BreadcrumbList","@id":"https:\/\/www.urban-furniture.cz\/index.php\/kontakt\/#breadcrumb","itemListElement":[{"@type":"ListItem","position":1,"name":"Dom\u016f","item":"https:\/\/www.urban-furniture.cz\/"},{"@type":"ListItem","position":2,"name":"Kontakt"}]},{"@type":"WebSite","@id":"https:\/\/www.urban-furniture.cz\/#website","url":"https:\/\/www.urban-furniture.cz\/","name":"M\u011bstsk\u00fd mobili\u00e1\u0159","description":"m\u011bstsk\u00fd mobili\u00e1\u0159 na m\u00edru","publisher":{"@id":"https:\/\/www.urban-furniture.cz\/#organization"},"potentialAction":[{"@type":"SearchAction","target":{"@type":"EntryPoint","urlTemplate":"https:\/\/www.urban-furniture.cz\/?s={search_term_string}"},"query-input":"required name=search_term_string"}],"inLanguage":"cs"},{"@type":"Organization","@id":"https:\/\/www.urban-furniture.cz\/#organization","name":"Urban-furniture s.r.o.","url":"https:\/\/www.urban-furniture.cz\/","logo":{"@type":"ImageObject","inLanguage":"cs","@id":"https:\/\/www.urban-furniture.cz\/#\/schema\/logo\/image\/","url":"https:\/\/www.urban-furniture.cz\/wp-content\/uploads\/2018\/08\/logo-urban.png","contentUrl":"https:\/\/www.urban-furniture.cz\/wp-content\/uploads\/2018\/08\/logo-urban.png","width":1215,"height":413,"caption":"Urban-furniture s.r.o."},"image":{"@id":"https:\/\/www.urban-furniture.cz\/#\/schema\/logo\/image\/"},"sameAs":["https:\/\/www.facebook.com\/urbanfurniturefuture\/"]}]}},"_links":{"self":[{"href":"https:\/\/www.urban-furniture.cz\/index.php\/wp-json\/wp\/v2\/pages\/302"}],"collection":[{"href":"https:\/\/www.urban-furniture.cz\/index.php\/wp-json\/wp\/v2\/pages"}],"about":[{"href":"https:\/\/www.urban-furniture.cz\/index.php\/wp-json\/wp\/v2\/types\/page"}],"author":[{"embeddable":true,"href":"https:\/\/www.urban-furniture.cz\/index.php\/wp-json\/wp\/v2\/users\/1"}],"replies":[{"embeddable":true,"href":"https:\/\/www.urban-furniture.cz\/index.php\/wp-json\/wp\/v2\/comments?post=302"}],"version-history":[{"count":13,"href":"https:\/\/www.urban-furniture.cz\/index.php\/wp-json\/wp\/v2\/pages\/302\/revisions"}],"predecessor-version":[{"id":2054,"href":"https:\/\/www.urban-furniture.cz\/index.php\/wp-json\/wp\/v2\/pages\/302\/revisions\/2054"}],"wp:attachment":[{"href":"https:\/\/www.urban-furniture.cz\/index.php\/wp-json\/wp\/v2\/media?parent=302"}],"curies":[{"name":"wp","href":"https:\/\/api.w.org\/{rel}","templated":true}]}}