{"id":295,"date":"2018-08-13T18:51:58","date_gmt":"2018-08-13T18:51:58","guid":{"rendered":"http:\/\/www.urban-furniture.cz\/?page_id=295"},"modified":"2021-02-15T12:54:00","modified_gmt":"2021-02-15T12:54:00","slug":"produkty-2","status":"publish","type":"page","link":"https:\/\/www.urban-furniture.cz\/index.php\/produkty-2\/","title":{"rendered":"Produkty"},"content":{"rendered":"\n<figure class=\"wp-block-table\"><table><tbody><tr><td><span class=\"has-inline-color has-very-dark-gray-color\"><a href=\"http:\/\/www.urban-furniture.cz\/index.php\/lavicky-2\/\"><strong>Lavi\u010dky<\/strong><\/a><\/span><\/td><td>lavi\u010dky, lavice, op\u011brn\u00e9 lavi\u010dky<\/td><td class=\"has-text-align-right\" data-align=\"right\"><a href=\"http:\/\/www.urban-furniture.cz\/index.php\/lavicky-2\/\"><span style=\"color:#308a7d\" class=\"has-inline-color\">\u25b6\ufe0e<\/span><\/a><\/td><\/tr><tr><td><a href=\"http:\/\/www.urban-furniture.cz\/index.php\/odpadkove-kose\/\"><strong>Odpadkov\u00e9 ko\u0161e<\/strong><\/a><\/td><td>ko\u0161e, popeln\u00edky<\/td><td class=\"has-text-align-right\" data-align=\"right\"><a href=\"http:\/\/www.urban-furniture.cz\/index.php\/odpadkove-kose\/\"><span style=\"color:#308a7d\" class=\"has-inline-color\">\u25b6\ufe0e<\/span><\/a><\/td><\/tr><tr><td><a href=\"http:\/\/www.urban-furniture.cz\/index.php\/stojany-na-kola\/\"><strong>Stojany na kola<\/strong><\/a><\/td><td>stojany, kolostavy<\/td><td class=\"has-text-align-right\" data-align=\"right\"><a href=\"http:\/\/www.urban-furniture.cz\/index.php\/stojany-na-kola\/\"><span style=\"color:#308a7d\" class=\"has-inline-color\">\u25b6\ufe0e<\/span><\/a><\/td><\/tr><tr><td><a href=\"http:\/\/www.urban-furniture.cz\/index.php\/smart-solutions\/\"><strong>Smart solutions<\/strong><\/a><\/td><td>nab\u00edjen\u00ed, osv\u011btlen\u00ed, Wi-Fi<\/td><td class=\"has-text-align-right\" data-align=\"right\"><a href=\"http:\/\/www.urban-furniture.cz\/index.php\/smart-solutions\/\"><span style=\"color:#308a7d\" class=\"has-inline-color\">\u25b6\ufe0e<\/span><\/a><\/td><\/tr><tr><td><a href=\"http:\/\/www.urban-furniture.cz\/index.php\/interierovy-nabytek-a-ostatni\/\"><strong>Interi\u00e9rov\u00fd n\u00e1bytek<\/strong><\/a><\/td><td>stolky, sk\u0159\u00edn\u011b, hotelov\u00e9 vybaven\u00ed<\/td><td class=\"has-text-align-right\" data-align=\"right\"><a href=\"http:\/\/www.urban-furniture.cz\/index.php\/interierovy-nabytek-a-ostatni\/\"><span style=\"color:#308a7d\" class=\"has-inline-color\">\u25b6\ufe0e<\/span><\/a><\/td><\/tr><tr><td><a href=\"http:\/\/www.urban-furniture.cz\/index.php\/ostatni-produkty\/\"><strong>Ostatn\u00ed produkty<\/strong><\/a><\/td><td>hodiny, stoly, piknikov\u00fd mobili\u00e1\u0159<\/td><td class=\"has-text-align-right\" data-align=\"right\"><a href=\"http:\/\/www.urban-furniture.cz\/index.php\/ostatni-produkty\/\"><span style=\"color:#308a7d\" class=\"has-inline-color\">\u25b6\ufe0e<\/span><\/a><\/td><\/tr><tr><td><a href=\"https:\/\/www.urban-furniture.cz\/index.php\/navrhy-mobiliare\/\"><strong>Individu\u00e1ln\u00ed n\u00e1vrhy<\/strong><\/a><\/td><td>vypracovan\u00e9 n\u00e1vrhy mobili\u00e1\u0159e<\/td><td class=\"has-text-align-right\" data-align=\"right\"><a href=\"https:\/\/www.urban-furniture.cz\/index.php\/navrhy-mobiliare\/\"><span style=\"color:#308a7d\" class=\"has-inline-color\">\u25b6\ufe0e<\/span><\/a><\/td><\/tr><tr><td><a href=\"https:\/\/www.urban-furniture.cz\/index.php\/sprava-mobiliare\/\"><strong>Spr\u00e1va mobili\u00e1\u0159e<\/strong><\/a><\/td><td>\u00fadr\u017eba mobili\u00e1\u0159 v dan\u00e9m regionu<\/td><td class=\"has-text-align-right\" data-align=\"right\"><a href=\"https:\/\/www.urban-furniture.cz\/index.php\/sprava-mobiliare\/\"><span style=\"color:#308a7d\" class=\"has-inline-color\">\u25b6\ufe0e<\/span><\/a><\/td><\/tr><\/tbody><\/table><\/figure>\n\n\n\n<p>V\u00edce produkt\u016f naleznete v sekci <strong>&#8220;<a href=\"http:\/\/www.urban-furniture.cz\/index.php\/novinky\/\">Novinky<\/a>&#8220;<\/strong>,<\/p>\n\n\n\n<p>nebo m\u016f\u017eete rovnou poptat sv\u016fj vlastn\u00ed n\u00e1vrh mobili\u00e1\u0159e:<\/p>\n\n\n\n<p><strong>&#8220;<a href=\"http:\/\/www.urban-furniture.cz\/index.php\/poptavka-individualniho-mobiliare\/\">Popt\u00e1vka &#8211; n\u00e1vrh mobili\u00e1\u0159e<\/a>&#8220;<\/strong><\/p>\n\n\n\n<p>   <\/p>\n\n\n\n<p class=\"has-text-align-left\">\u25c1\u25c1 <a href=\"http:\/\/www.urban-furniture.cz\/\">ZP\u011aT<\/a><\/p>\n","protected":false},"excerpt":{"rendered":"<p>Lavi\u010dky lavi\u010dky, lavice, op\u011brn\u00e9 lavi\u010dky \u25b6\ufe0e Odpadkov\u00e9 ko\u0161e ko\u0161e, popeln\u00edky \u25b6\ufe0e Stojany na kola stojany, kolostavy \u25b6\ufe0e Smart solutions nab\u00edjen\u00ed, osv\u011btlen\u00ed, Wi-Fi \u25b6\ufe0e Interi\u00e9rov\u00fd n\u00e1bytek stolky, sk\u0159\u00edn\u011b, hotelov\u00e9 vybaven\u00ed \u25b6\ufe0e Ostatn\u00ed produkty hodiny, stoly, piknikov\u00fd mobili\u00e1\u0159 \u25b6\ufe0e Individu\u00e1ln\u00ed n\u00e1vrhy vypracovan\u00e9 n\u00e1vrhy mobili\u00e1\u0159e \u25b6\ufe0e Spr\u00e1va mobili\u00e1\u0159e \u00fadr\u017eba mobili\u00e1\u0159 v dan\u00e9m regionu \u25b6\ufe0e V\u00edce produkt\u016f naleznete v &hellip; <\/p>\n<p class=\"link-more\"><a href=\"https:\/\/www.urban-furniture.cz\/index.php\/produkty-2\/\" class=\"more-link\">Pokra\u010dovat ve \u010dten\u00ed<span class=\"screen-reader-text\"> &#8220;Produkty&#8221;<\/span><\/a><\/p>\n","protected":false},"author":1,"featured_media":965,"parent":0,"menu_order":0,"comment_status":"closed","ping_status":"closed","template":"","meta":{"content-type":""},"yoast_head":"<!-- This site is optimized with the Yoast SEO plugin v20.2.1 - https:\/\/yoast.com\/wordpress\/plugins\/seo\/ -->\n<title>Produkty &bull; Urban-furniture<\/title>\n<meta name=\"robots\" content=\"index, follow, max-snippet:-1, max-image-preview:large, max-video-preview:-1\" \/>\n<link rel=\"canonical\" href=\"https:\/\/www.urban-furniture.cz\/index.php\/produkty-2\/\" \/>\n<meta property=\"og:locale\" content=\"cs_CZ\" \/>\n<meta property=\"og:type\" content=\"article\" \/>\n<meta property=\"og:title\" content=\"Produkty &bull; Urban-furniture\" \/>\n<meta property=\"og:description\" content=\"Lavi\u010dky lavi\u010dky, lavice, op\u011brn\u00e9 lavi\u010dky \u25b6\ufe0e Odpadkov\u00e9 ko\u0161e ko\u0161e, popeln\u00edky \u25b6\ufe0e Stojany na kola stojany, kolostavy \u25b6\ufe0e Smart solutions nab\u00edjen\u00ed, osv\u011btlen\u00ed, Wi-Fi \u25b6\ufe0e Interi\u00e9rov\u00fd n\u00e1bytek stolky, sk\u0159\u00edn\u011b, hotelov\u00e9 vybaven\u00ed \u25b6\ufe0e Ostatn\u00ed produkty hodiny, stoly, piknikov\u00fd mobili\u00e1\u0159 \u25b6\ufe0e Individu\u00e1ln\u00ed n\u00e1vrhy vypracovan\u00e9 n\u00e1vrhy mobili\u00e1\u0159e \u25b6\ufe0e Spr\u00e1va mobili\u00e1\u0159e \u00fadr\u017eba mobili\u00e1\u0159 v dan\u00e9m regionu \u25b6\ufe0e V\u00edce produkt\u016f naleznete v &hellip; Pokra\u010dovat ve \u010dten\u00ed &quot;Produkty&quot;\" \/>\n<meta property=\"og:url\" content=\"https:\/\/www.urban-furniture.cz\/index.php\/produkty-2\/\" \/>\n<meta property=\"og:site_name\" content=\"Urban-furniture\" \/>\n<meta property=\"article:publisher\" content=\"https:\/\/www.facebook.com\/urbanfurniturefuture\/\" \/>\n<meta property=\"article:modified_time\" content=\"2021-02-15T12:54:00+00:00\" \/>\n<meta property=\"og:image\" content=\"https:\/\/www.urban-furniture.cz\/wp-content\/uploads\/2020\/04\/IMG_6151-e1613254312854.png\" \/>\n\t<meta property=\"og:image:width\" content=\"1269\" \/>\n\t<meta property=\"og:image:height\" content=\"225\" \/>\n\t<meta property=\"og:image:type\" content=\"image\/png\" \/>\n<meta name=\"twitter:card\" content=\"summary_large_image\" \/>\n<script type=\"application\/ld+json\" class=\"yoast-schema-graph\">{\"@context\":\"https:\/\/schema.org\",\"@graph\":[{\"@type\":\"WebPage\",\"@id\":\"https:\/\/www.urban-furniture.cz\/index.php\/produkty-2\/\",\"url\":\"https:\/\/www.urban-furniture.cz\/index.php\/produkty-2\/\",\"name\":\"Produkty &bull; Urban-furniture\",\"isPartOf\":{\"@id\":\"https:\/\/www.urban-furniture.cz\/#website\"},\"datePublished\":\"2018-08-13T18:51:58+00:00\",\"dateModified\":\"2021-02-15T12:54:00+00:00\",\"breadcrumb\":{\"@id\":\"https:\/\/www.urban-furniture.cz\/index.php\/produkty-2\/#breadcrumb\"},\"inLanguage\":\"cs\",\"potentialAction\":[{\"@type\":\"ReadAction\",\"target\":[\"https:\/\/www.urban-furniture.cz\/index.php\/produkty-2\/\"]}]},{\"@type\":\"BreadcrumbList\",\"@id\":\"https:\/\/www.urban-furniture.cz\/index.php\/produkty-2\/#breadcrumb\",\"itemListElement\":[{\"@type\":\"ListItem\",\"position\":1,\"name\":\"Dom\u016f\",\"item\":\"https:\/\/www.urban-furniture.cz\/\"},{\"@type\":\"ListItem\",\"position\":2,\"name\":\"Produkty\"}]},{\"@type\":\"WebSite\",\"@id\":\"https:\/\/www.urban-furniture.cz\/#website\",\"url\":\"https:\/\/www.urban-furniture.cz\/\",\"name\":\"M\u011bstsk\u00fd mobili\u00e1\u0159\",\"description\":\"m\u011bstsk\u00fd mobili\u00e1\u0159 na m\u00edru\",\"publisher\":{\"@id\":\"https:\/\/www.urban-furniture.cz\/#organization\"},\"potentialAction\":[{\"@type\":\"SearchAction\",\"target\":{\"@type\":\"EntryPoint\",\"urlTemplate\":\"https:\/\/www.urban-furniture.cz\/?s={search_term_string}\"},\"query-input\":\"required name=search_term_string\"}],\"inLanguage\":\"cs\"},{\"@type\":\"Organization\",\"@id\":\"https:\/\/www.urban-furniture.cz\/#organization\",\"name\":\"Urban-furniture s.r.o.\",\"url\":\"https:\/\/www.urban-furniture.cz\/\",\"logo\":{\"@type\":\"ImageObject\",\"inLanguage\":\"cs\",\"@id\":\"https:\/\/www.urban-furniture.cz\/#\/schema\/logo\/image\/\",\"url\":\"https:\/\/www.urban-furniture.cz\/wp-content\/uploads\/2018\/08\/logo-urban.png\",\"contentUrl\":\"https:\/\/www.urban-furniture.cz\/wp-content\/uploads\/2018\/08\/logo-urban.png\",\"width\":1215,\"height\":413,\"caption\":\"Urban-furniture s.r.o.\"},\"image\":{\"@id\":\"https:\/\/www.urban-furniture.cz\/#\/schema\/logo\/image\/\"},\"sameAs\":[\"https:\/\/www.facebook.com\/urbanfurniturefuture\/\"]}]}<\/script>\n<!-- \/ Yoast SEO plugin. -->","yoast_head_json":{"title":"Produkty &bull; Urban-furniture","robots":{"index":"index","follow":"follow","max-snippet":"max-snippet:-1","max-image-preview":"max-image-preview:large","max-video-preview":"max-video-preview:-1"},"canonical":"https:\/\/www.urban-furniture.cz\/index.php\/produkty-2\/","og_locale":"cs_CZ","og_type":"article","og_title":"Produkty &bull; Urban-furniture","og_description":"Lavi\u010dky lavi\u010dky, lavice, op\u011brn\u00e9 lavi\u010dky \u25b6\ufe0e Odpadkov\u00e9 ko\u0161e ko\u0161e, popeln\u00edky \u25b6\ufe0e Stojany na kola stojany, kolostavy \u25b6\ufe0e Smart solutions nab\u00edjen\u00ed, osv\u011btlen\u00ed, Wi-Fi \u25b6\ufe0e Interi\u00e9rov\u00fd n\u00e1bytek stolky, sk\u0159\u00edn\u011b, hotelov\u00e9 vybaven\u00ed \u25b6\ufe0e Ostatn\u00ed produkty hodiny, stoly, piknikov\u00fd mobili\u00e1\u0159 \u25b6\ufe0e Individu\u00e1ln\u00ed n\u00e1vrhy vypracovan\u00e9 n\u00e1vrhy mobili\u00e1\u0159e \u25b6\ufe0e Spr\u00e1va mobili\u00e1\u0159e \u00fadr\u017eba mobili\u00e1\u0159 v dan\u00e9m regionu \u25b6\ufe0e V\u00edce produkt\u016f naleznete v &hellip; Pokra\u010dovat ve \u010dten\u00ed \"Produkty\"","og_url":"https:\/\/www.urban-furniture.cz\/index.php\/produkty-2\/","og_site_name":"Urban-furniture","article_publisher":"https:\/\/www.facebook.com\/urbanfurniturefuture\/","article_modified_time":"2021-02-15T12:54:00+00:00","og_image":[{"width":1269,"height":225,"url":"https:\/\/www.urban-furniture.cz\/wp-content\/uploads\/2020\/04\/IMG_6151-e1613254312854.png","type":"image\/png"}],"twitter_card":"summary_large_image","schema":{"@context":"https:\/\/schema.org","@graph":[{"@type":"WebPage","@id":"https:\/\/www.urban-furniture.cz\/index.php\/produkty-2\/","url":"https:\/\/www.urban-furniture.cz\/index.php\/produkty-2\/","name":"Produkty &bull; Urban-furniture","isPartOf":{"@id":"https:\/\/www.urban-furniture.cz\/#website"},"datePublished":"2018-08-13T18:51:58+00:00","dateModified":"2021-02-15T12:54:00+00:00","breadcrumb":{"@id":"https:\/\/www.urban-furniture.cz\/index.php\/produkty-2\/#breadcrumb"},"inLanguage":"cs","potentialAction":[{"@type":"ReadAction","target":["https:\/\/www.urban-furniture.cz\/index.php\/produkty-2\/"]}]},{"@type":"BreadcrumbList","@id":"https:\/\/www.urban-furniture.cz\/index.php\/produkty-2\/#breadcrumb","itemListElement":[{"@type":"ListItem","position":1,"name":"Dom\u016f","item":"https:\/\/www.urban-furniture.cz\/"},{"@type":"ListItem","position":2,"name":"Produkty"}]},{"@type":"WebSite","@id":"https:\/\/www.urban-furniture.cz\/#website","url":"https:\/\/www.urban-furniture.cz\/","name":"M\u011bstsk\u00fd mobili\u00e1\u0159","description":"m\u011bstsk\u00fd mobili\u00e1\u0159 na m\u00edru","publisher":{"@id":"https:\/\/www.urban-furniture.cz\/#organization"},"potentialAction":[{"@type":"SearchAction","target":{"@type":"EntryPoint","urlTemplate":"https:\/\/www.urban-furniture.cz\/?s={search_term_string}"},"query-input":"required name=search_term_string"}],"inLanguage":"cs"},{"@type":"Organization","@id":"https:\/\/www.urban-furniture.cz\/#organization","name":"Urban-furniture s.r.o.","url":"https:\/\/www.urban-furniture.cz\/","logo":{"@type":"ImageObject","inLanguage":"cs","@id":"https:\/\/www.urban-furniture.cz\/#\/schema\/logo\/image\/","url":"https:\/\/www.urban-furniture.cz\/wp-content\/uploads\/2018\/08\/logo-urban.png","contentUrl":"https:\/\/www.urban-furniture.cz\/wp-content\/uploads\/2018\/08\/logo-urban.png","width":1215,"height":413,"caption":"Urban-furniture s.r.o."},"image":{"@id":"https:\/\/www.urban-furniture.cz\/#\/schema\/logo\/image\/"},"sameAs":["https:\/\/www.facebook.com\/urbanfurniturefuture\/"]}]}},"_links":{"self":[{"href":"https:\/\/www.urban-furniture.cz\/index.php\/wp-json\/wp\/v2\/pages\/295"}],"collection":[{"href":"https:\/\/www.urban-furniture.cz\/index.php\/wp-json\/wp\/v2\/pages"}],"about":[{"href":"https:\/\/www.urban-furniture.cz\/index.php\/wp-json\/wp\/v2\/types\/page"}],"author":[{"embeddable":true,"href":"https:\/\/www.urban-furniture.cz\/index.php\/wp-json\/wp\/v2\/users\/1"}],"replies":[{"embeddable":true,"href":"https:\/\/www.urban-furniture.cz\/index.php\/wp-json\/wp\/v2\/comments?post=295"}],"version-history":[{"count":27,"href":"https:\/\/www.urban-furniture.cz\/index.php\/wp-json\/wp\/v2\/pages\/295\/revisions"}],"predecessor-version":[{"id":1465,"href":"https:\/\/www.urban-furniture.cz\/index.php\/wp-json\/wp\/v2\/pages\/295\/revisions\/1465"}],"wp:featuredmedia":[{"embeddable":true,"href":"https:\/\/www.urban-furniture.cz\/index.php\/wp-json\/wp\/v2\/media\/965"}],"wp:attachment":[{"href":"https:\/\/www.urban-furniture.cz\/index.php\/wp-json\/wp\/v2\/media?parent=295"}],"curies":[{"name":"wp","href":"https:\/\/api.w.org\/{rel}","templated":true}]}}