{"id":1634,"date":"2021-02-15T21:07:24","date_gmt":"2021-02-15T21:07:24","guid":{"rendered":"http:\/\/www.urban-furniture.cz\/?page_id=1634"},"modified":"2021-02-16T08:46:05","modified_gmt":"2021-02-16T08:46:05","slug":"stul-stelvio-solar","status":"publish","type":"page","link":"https:\/\/www.urban-furniture.cz\/index.php\/stul-stelvio-solar\/","title":{"rendered":"St\u016fl Stelvio Solar"},"content":{"rendered":"\n<figure class=\"wp-block-table\"><table><tbody><tr><td><img decoding=\"async\" loading=\"lazy\" width=\"800\" height=\"517\" class=\"wp-image-1630\" src=\"http:\/\/www.urban-furniture.cz\/wp-content\/uploads\/2021\/02\/55-st\u016fl-Stelvio-Solar.png\" alt=\"\" style=\"width: 1500px;\" srcset=\"https:\/\/www.urban-furniture.cz\/wp-content\/uploads\/2021\/02\/55-st\u016fl-Stelvio-Solar.png 800w, https:\/\/www.urban-furniture.cz\/wp-content\/uploads\/2021\/02\/55-st\u016fl-Stelvio-Solar-300x194.png 300w, https:\/\/www.urban-furniture.cz\/wp-content\/uploads\/2021\/02\/55-st\u016fl-Stelvio-Solar-768x496.png 768w, https:\/\/www.urban-furniture.cz\/wp-content\/uploads\/2021\/02\/55-st\u016fl-Stelvio-Solar-24x16.png 24w, https:\/\/www.urban-furniture.cz\/wp-content\/uploads\/2021\/02\/55-st\u016fl-Stelvio-Solar-36x23.png 36w, https:\/\/www.urban-furniture.cz\/wp-content\/uploads\/2021\/02\/55-st\u016fl-Stelvio-Solar-48x31.png 48w\" sizes=\"(max-width: 706px) 89vw, (max-width: 767px) 82vw, 740px\" \/><\/td><td>Modern\u00ed venkovn\u00ed st\u016fl vyroben\u00fd z pr\u00e1\u0161kov\u011b lakovan\u00e9 oceli se zinkov\u00fdm z\u00e1kladem a d\u0159ev\u011bn\u00fdch lamel se zabudovan\u00fdm sol\u00e1rn\u00edm panelem.<br>\u25cf sol\u00e1rn\u00ed panel s v\u00fdkonem 20W<br>\u25cf baterie s dlouhou \u017eivotnost\u00ed (3 roky)<br>\u25cf mo\u017enost instalace nep\u0159\u00edm\u00e9ho<br>osv\u011btlen\u00ed LED<br>\u25cf mo\u017enost volby sol\u00e1rn\u00edho modulu v\u010detn\u011b bezdr\u00e1tov\u00e9ho dob\u00edjen\u00ed a 2 ks USB prot\u016f<br>\u25cf mo\u017enost um\u00edst\u011bn\u00ed Wi-Fi<\/td><\/tr><\/tbody><\/table><\/figure>\n\n\n\n<figure class=\"wp-block-table\"><table><tbody><tr><td class=\"has-text-align-center\" data-align=\"center\"><img decoding=\"async\" loading=\"lazy\" width=\"1280\" height=\"700\" class=\"wp-image-1678\" src=\"http:\/\/www.urban-furniture.cz\/wp-content\/uploads\/2021\/02\/41-Stelvio-st\u016fl-front.jpg\" alt=\"\" style=\"width: 500px;\" srcset=\"https:\/\/www.urban-furniture.cz\/wp-content\/uploads\/2021\/02\/41-Stelvio-st\u016fl-front.jpg 1280w, https:\/\/www.urban-furniture.cz\/wp-content\/uploads\/2021\/02\/41-Stelvio-st\u016fl-front-300x164.jpg 300w, https:\/\/www.urban-furniture.cz\/wp-content\/uploads\/2021\/02\/41-Stelvio-st\u016fl-front-1024x560.jpg 1024w, https:\/\/www.urban-furniture.cz\/wp-content\/uploads\/2021\/02\/41-Stelvio-st\u016fl-front-768x420.jpg 768w, https:\/\/www.urban-furniture.cz\/wp-content\/uploads\/2021\/02\/41-Stelvio-st\u016fl-front-24x13.jpg 24w, https:\/\/www.urban-furniture.cz\/wp-content\/uploads\/2021\/02\/41-Stelvio-st\u016fl-front-36x20.jpg 36w, https:\/\/www.urban-furniture.cz\/wp-content\/uploads\/2021\/02\/41-Stelvio-st\u016fl-front-48x26.jpg 48w\" sizes=\"(max-width: 706px) 89vw, (max-width: 767px) 82vw, 740px\" \/><\/td><td class=\"has-text-align-center\" data-align=\"center\"><img decoding=\"async\" loading=\"lazy\" width=\"1280\" height=\"700\" class=\"wp-image-1680\" src=\"http:\/\/www.urban-furniture.cz\/wp-content\/uploads\/2021\/02\/41-Stelvio-st\u016fl-top.jpg\" alt=\"\" style=\"width: 500px;\" srcset=\"https:\/\/www.urban-furniture.cz\/wp-content\/uploads\/2021\/02\/41-Stelvio-st\u016fl-top.jpg 1280w, https:\/\/www.urban-furniture.cz\/wp-content\/uploads\/2021\/02\/41-Stelvio-st\u016fl-top-300x164.jpg 300w, https:\/\/www.urban-furniture.cz\/wp-content\/uploads\/2021\/02\/41-Stelvio-st\u016fl-top-1024x560.jpg 1024w, https:\/\/www.urban-furniture.cz\/wp-content\/uploads\/2021\/02\/41-Stelvio-st\u016fl-top-768x420.jpg 768w, https:\/\/www.urban-furniture.cz\/wp-content\/uploads\/2021\/02\/41-Stelvio-st\u016fl-top-24x13.jpg 24w, https:\/\/www.urban-furniture.cz\/wp-content\/uploads\/2021\/02\/41-Stelvio-st\u016fl-top-36x20.jpg 36w, https:\/\/www.urban-furniture.cz\/wp-content\/uploads\/2021\/02\/41-Stelvio-st\u016fl-top-48x26.jpg 48w\" sizes=\"(max-width: 706px) 89vw, (max-width: 767px) 82vw, 740px\" \/><\/td><td class=\"has-text-align-center\" data-align=\"center\"><img decoding=\"async\" loading=\"lazy\" width=\"1280\" height=\"700\" class=\"wp-image-1679\" src=\"http:\/\/www.urban-furniture.cz\/wp-content\/uploads\/2021\/02\/41-Stelvio-st\u016fl-left.jpg\" alt=\"\" style=\"width: 500px;\" srcset=\"https:\/\/www.urban-furniture.cz\/wp-content\/uploads\/2021\/02\/41-Stelvio-st\u016fl-left.jpg 1280w, https:\/\/www.urban-furniture.cz\/wp-content\/uploads\/2021\/02\/41-Stelvio-st\u016fl-left-300x164.jpg 300w, https:\/\/www.urban-furniture.cz\/wp-content\/uploads\/2021\/02\/41-Stelvio-st\u016fl-left-1024x560.jpg 1024w, https:\/\/www.urban-furniture.cz\/wp-content\/uploads\/2021\/02\/41-Stelvio-st\u016fl-left-768x420.jpg 768w, https:\/\/www.urban-furniture.cz\/wp-content\/uploads\/2021\/02\/41-Stelvio-st\u016fl-left-24x13.jpg 24w, https:\/\/www.urban-furniture.cz\/wp-content\/uploads\/2021\/02\/41-Stelvio-st\u016fl-left-36x20.jpg 36w, https:\/\/www.urban-furniture.cz\/wp-content\/uploads\/2021\/02\/41-Stelvio-st\u016fl-left-48x26.jpg 48w\" sizes=\"(max-width: 706px) 89vw, (max-width: 767px) 82vw, 740px\" \/><\/td><\/tr><tr><td class=\"has-text-align-center\" data-align=\"center\">P\u0158EDN\u00cd POHLED<\/td><td class=\"has-text-align-center\" data-align=\"center\">HORN\u00cd POHLED<\/td><td class=\"has-text-align-center\" data-align=\"center\">BO\u010cN\u00cd POHLED<\/td><\/tr><\/tbody><\/table><figcaption><strong>Pozn\u00e1mka:<\/strong><em> Bez m\u011b\u0159\u00edtka.<\/em><\/figcaption><\/figure>\n\n\n\n<figure class=\"wp-block-table\"><table><tbody><tr><td><strong><strong>Ke sta\u017een\u00ed<\/strong><\/strong><\/td><td><\/td><\/tr><tr><td>Katalogov\u00fd list \u25bf<\/td><td>00 MB<\/td><\/tr><tr><td>Instala\u010dn\u00ed manu\u00e1l \u25bf<\/td><td>00 MB<\/td><\/tr><tr><td>Katalog \u25bf<\/td><td>00 MB<\/td><\/tr><tr><td><\/td><td><\/td><\/tr><tr><td><strong>Dotaz k produktu \u270e<\/strong><\/td><td><\/td><\/tr><\/tbody><\/table><\/figure>\n\n\n\n\n<div class=\"wpcf7 no-js\" id=\"wpcf7-f666-o1\" lang=\"cs-CZ\" dir=\"ltr\">\n<div class=\"screen-reader-response\"><p role=\"status\" aria-live=\"polite\" aria-atomic=\"true\"><\/p> <ul><\/ul><\/div>\n<form action=\"\/index.php\/wp-json\/wp\/v2\/pages\/1634#wpcf7-f666-o1\" method=\"post\" class=\"wpcf7-form init\" aria-label=\"Kontaktn\u00ed formul\u00e1\u0159\" novalidate=\"novalidate\" data-status=\"init\">\n<div style=\"display: none;\">\n<input type=\"hidden\" name=\"_wpcf7\" value=\"666\" \/>\n<input type=\"hidden\" name=\"_wpcf7_version\" value=\"5.7.4\" \/>\n<input type=\"hidden\" name=\"_wpcf7_locale\" value=\"cs_CZ\" \/>\n<input type=\"hidden\" name=\"_wpcf7_unit_tag\" value=\"wpcf7-f666-o1\" \/>\n<input type=\"hidden\" name=\"_wpcf7_container_post\" value=\"0\" \/>\n<input type=\"hidden\" name=\"_wpcf7_posted_data_hash\" value=\"\" \/>\n<input type=\"hidden\" name=\"_wpcf7_recaptcha_response\" value=\"\" \/>\n<\/div>\n<p><label> Va\u0161e jm\u00e9no (vy\u017eadov\u00e1no)<br \/>\n<span class=\"wpcf7-form-control-wrap\" data-name=\"your-name\"><input size=\"40\" class=\"wpcf7-form-control wpcf7-text wpcf7-validates-as-required\" aria-required=\"true\" aria-invalid=\"false\" value=\"\" type=\"text\" name=\"your-name\" \/><\/span> <\/label>\n<\/p>\n<p><label> V\u00e1\u0161 e-mail (vy\u017eadov\u00e1no)<br \/>\n<span class=\"wpcf7-form-control-wrap\" data-name=\"your-email\"><input size=\"40\" class=\"wpcf7-form-control wpcf7-text wpcf7-email wpcf7-validates-as-required wpcf7-validates-as-email\" aria-required=\"true\" aria-invalid=\"false\" value=\"\" type=\"email\" name=\"your-email\" \/><\/span> <\/label>\n<\/p>\n<p><label> P\u0159edm\u011bt (vy\u017eadov\u00e1no)<br \/>\n<span class=\"wpcf7-form-control-wrap\" data-name=\"your-subject\"><input size=\"40\" class=\"wpcf7-form-control wpcf7-text wpcf7-validates-as-required\" aria-required=\"true\" aria-invalid=\"false\" value=\"\" type=\"text\" name=\"your-subject\" \/><\/span> <\/label>\n<\/p>\n<p><label> Telefonn\u00ed \u010d\u00edslo<br \/>\n<span class=\"wpcf7-form-control-wrap\" data-name=\"tel-453\"><input size=\"40\" class=\"wpcf7-form-control wpcf7-text wpcf7-tel wpcf7-validates-as-required wpcf7-validates-as-tel\" aria-required=\"true\" aria-invalid=\"false\" value=\"\" type=\"tel\" name=\"tel-453\" \/><\/span> <\/label>\n<\/p>\n<p><label> Va\u0161e zpr\u00e1va<br \/>\n<span class=\"wpcf7-form-control-wrap\" data-name=\"your-message\"><textarea cols=\"40\" rows=\"10\" class=\"wpcf7-form-control wpcf7-textarea\" aria-invalid=\"false\" name=\"your-message\"><\/textarea><\/span> <\/label>\n<\/p>\n<p><input class=\"wpcf7-form-control has-spinner wpcf7-submit\" type=\"submit\" value=\"Odeslat\" \/>\n<\/p><p style=\"display: none !important;\"><label>&#916;<textarea name=\"_wpcf7_ak_hp_textarea\" cols=\"45\" rows=\"8\" maxlength=\"100\"><\/textarea><\/label><input type=\"hidden\" id=\"ak_js_1\" name=\"_wpcf7_ak_js\" value=\"106\"\/><script>document.getElementById( \"ak_js_1\" ).setAttribute( \"value\", ( new Date() ).getTime() );<\/script><\/p><div class=\"wpcf7-response-output\" aria-hidden=\"true\"><\/div>\n<\/form>\n<\/div>\n\n\n\n\n<p>\u25c1\u25c1 <a href=\"https:\/\/www.urban-furniture.cz\/index.php\/smart-solutions\/\">ZP\u011aT<\/a><\/p>\n","protected":false},"excerpt":{"rendered":"<p>Modern\u00ed venkovn\u00ed st\u016fl vyroben\u00fd z pr\u00e1\u0161kov\u011b lakovan\u00e9 oceli se zinkov\u00fdm z\u00e1kladem a d\u0159ev\u011bn\u00fdch lamel se zabudovan\u00fdm sol\u00e1rn\u00edm panelem.\u25cf sol\u00e1rn\u00ed panel s v\u00fdkonem 20W\u25cf baterie s dlouhou \u017eivotnost\u00ed (3 roky)\u25cf mo\u017enost instalace nep\u0159\u00edm\u00e9hoosv\u011btlen\u00ed LED\u25cf mo\u017enost volby sol\u00e1rn\u00edho modulu v\u010detn\u011b bezdr\u00e1tov\u00e9ho dob\u00edjen\u00ed a 2 ks USB prot\u016f\u25cf mo\u017enost um\u00edst\u011bn\u00ed Wi-Fi P\u0158EDN\u00cd POHLED HORN\u00cd POHLED BO\u010cN\u00cd POHLED Pozn\u00e1mka: &hellip; <\/p>\n<p class=\"link-more\"><a href=\"https:\/\/www.urban-furniture.cz\/index.php\/stul-stelvio-solar\/\" class=\"more-link\">Pokra\u010dovat ve \u010dten\u00ed<span class=\"screen-reader-text\"> &#8220;St\u016fl Stelvio Solar&#8221;<\/span><\/a><\/p>\n","protected":false},"author":1,"featured_media":0,"parent":0,"menu_order":0,"comment_status":"closed","ping_status":"closed","template":"","meta":{"content-type":""},"yoast_head":"<!-- This site is optimized with the Yoast SEO plugin v20.2.1 - https:\/\/yoast.com\/wordpress\/plugins\/seo\/ -->\n<title>St\u016fl Stelvio Solar &bull; Urban-furniture<\/title>\n<meta name=\"robots\" content=\"index, follow, max-snippet:-1, max-image-preview:large, max-video-preview:-1\" \/>\n<link rel=\"canonical\" href=\"https:\/\/www.urban-furniture.cz\/index.php\/stul-stelvio-solar\/\" \/>\n<meta property=\"og:locale\" content=\"cs_CZ\" \/>\n<meta property=\"og:type\" content=\"article\" \/>\n<meta property=\"og:title\" content=\"St\u016fl Stelvio Solar &bull; Urban-furniture\" \/>\n<meta property=\"og:description\" content=\"Modern\u00ed venkovn\u00ed st\u016fl vyroben\u00fd z pr\u00e1\u0161kov\u011b lakovan\u00e9 oceli se zinkov\u00fdm z\u00e1kladem a d\u0159ev\u011bn\u00fdch lamel se zabudovan\u00fdm sol\u00e1rn\u00edm panelem.\u25cf sol\u00e1rn\u00ed panel s v\u00fdkonem 20W\u25cf baterie s dlouhou \u017eivotnost\u00ed (3 roky)\u25cf mo\u017enost instalace nep\u0159\u00edm\u00e9hoosv\u011btlen\u00ed LED\u25cf mo\u017enost volby sol\u00e1rn\u00edho modulu v\u010detn\u011b bezdr\u00e1tov\u00e9ho dob\u00edjen\u00ed a 2 ks USB prot\u016f\u25cf mo\u017enost um\u00edst\u011bn\u00ed Wi-Fi P\u0158EDN\u00cd POHLED HORN\u00cd POHLED BO\u010cN\u00cd POHLED Pozn\u00e1mka: &hellip; Pokra\u010dovat ve \u010dten\u00ed &quot;St\u016fl Stelvio Solar&quot;\" \/>\n<meta property=\"og:url\" content=\"https:\/\/www.urban-furniture.cz\/index.php\/stul-stelvio-solar\/\" \/>\n<meta property=\"og:site_name\" content=\"Urban-furniture\" \/>\n<meta property=\"article:publisher\" content=\"https:\/\/www.facebook.com\/urbanfurniturefuture\/\" \/>\n<meta property=\"article:modified_time\" content=\"2021-02-16T08:46:05+00:00\" \/>\n<meta property=\"og:image\" content=\"http:\/\/www.urban-furniture.cz\/wp-content\/uploads\/2021\/02\/55-st\u016fl-Stelvio-Solar.png\" \/>\n<meta name=\"twitter:card\" content=\"summary_large_image\" \/>\n<meta name=\"twitter:label1\" content=\"Odhadovan\u00e1 doba \u010dten\u00ed\" \/>\n\t<meta name=\"twitter:data1\" content=\"1 minuta\" \/>\n<script type=\"application\/ld+json\" class=\"yoast-schema-graph\">{\"@context\":\"https:\/\/schema.org\",\"@graph\":[{\"@type\":\"WebPage\",\"@id\":\"https:\/\/www.urban-furniture.cz\/index.php\/stul-stelvio-solar\/\",\"url\":\"https:\/\/www.urban-furniture.cz\/index.php\/stul-stelvio-solar\/\",\"name\":\"St\u016fl Stelvio Solar &bull; Urban-furniture\",\"isPartOf\":{\"@id\":\"https:\/\/www.urban-furniture.cz\/#website\"},\"datePublished\":\"2021-02-15T21:07:24+00:00\",\"dateModified\":\"2021-02-16T08:46:05+00:00\",\"breadcrumb\":{\"@id\":\"https:\/\/www.urban-furniture.cz\/index.php\/stul-stelvio-solar\/#breadcrumb\"},\"inLanguage\":\"cs\",\"potentialAction\":[{\"@type\":\"ReadAction\",\"target\":[\"https:\/\/www.urban-furniture.cz\/index.php\/stul-stelvio-solar\/\"]}]},{\"@type\":\"BreadcrumbList\",\"@id\":\"https:\/\/www.urban-furniture.cz\/index.php\/stul-stelvio-solar\/#breadcrumb\",\"itemListElement\":[{\"@type\":\"ListItem\",\"position\":1,\"name\":\"Dom\u016f\",\"item\":\"https:\/\/www.urban-furniture.cz\/\"},{\"@type\":\"ListItem\",\"position\":2,\"name\":\"St\u016fl Stelvio Solar\"}]},{\"@type\":\"WebSite\",\"@id\":\"https:\/\/www.urban-furniture.cz\/#website\",\"url\":\"https:\/\/www.urban-furniture.cz\/\",\"name\":\"M\u011bstsk\u00fd mobili\u00e1\u0159\",\"description\":\"m\u011bstsk\u00fd mobili\u00e1\u0159 na m\u00edru\",\"publisher\":{\"@id\":\"https:\/\/www.urban-furniture.cz\/#organization\"},\"potentialAction\":[{\"@type\":\"SearchAction\",\"target\":{\"@type\":\"EntryPoint\",\"urlTemplate\":\"https:\/\/www.urban-furniture.cz\/?s={search_term_string}\"},\"query-input\":\"required name=search_term_string\"}],\"inLanguage\":\"cs\"},{\"@type\":\"Organization\",\"@id\":\"https:\/\/www.urban-furniture.cz\/#organization\",\"name\":\"Urban-furniture s.r.o.\",\"url\":\"https:\/\/www.urban-furniture.cz\/\",\"logo\":{\"@type\":\"ImageObject\",\"inLanguage\":\"cs\",\"@id\":\"https:\/\/www.urban-furniture.cz\/#\/schema\/logo\/image\/\",\"url\":\"https:\/\/www.urban-furniture.cz\/wp-content\/uploads\/2018\/08\/logo-urban.png\",\"contentUrl\":\"https:\/\/www.urban-furniture.cz\/wp-content\/uploads\/2018\/08\/logo-urban.png\",\"width\":1215,\"height\":413,\"caption\":\"Urban-furniture s.r.o.\"},\"image\":{\"@id\":\"https:\/\/www.urban-furniture.cz\/#\/schema\/logo\/image\/\"},\"sameAs\":[\"https:\/\/www.facebook.com\/urbanfurniturefuture\/\"]}]}<\/script>\n<!-- \/ Yoast SEO plugin. -->","yoast_head_json":{"title":"St\u016fl Stelvio Solar &bull; Urban-furniture","robots":{"index":"index","follow":"follow","max-snippet":"max-snippet:-1","max-image-preview":"max-image-preview:large","max-video-preview":"max-video-preview:-1"},"canonical":"https:\/\/www.urban-furniture.cz\/index.php\/stul-stelvio-solar\/","og_locale":"cs_CZ","og_type":"article","og_title":"St\u016fl Stelvio Solar &bull; Urban-furniture","og_description":"Modern\u00ed venkovn\u00ed st\u016fl vyroben\u00fd z pr\u00e1\u0161kov\u011b lakovan\u00e9 oceli se zinkov\u00fdm z\u00e1kladem a d\u0159ev\u011bn\u00fdch lamel se zabudovan\u00fdm sol\u00e1rn\u00edm panelem.\u25cf sol\u00e1rn\u00ed panel s v\u00fdkonem 20W\u25cf baterie s dlouhou \u017eivotnost\u00ed (3 roky)\u25cf mo\u017enost instalace nep\u0159\u00edm\u00e9hoosv\u011btlen\u00ed LED\u25cf mo\u017enost volby sol\u00e1rn\u00edho modulu v\u010detn\u011b bezdr\u00e1tov\u00e9ho dob\u00edjen\u00ed a 2 ks USB prot\u016f\u25cf mo\u017enost um\u00edst\u011bn\u00ed Wi-Fi P\u0158EDN\u00cd POHLED HORN\u00cd POHLED BO\u010cN\u00cd POHLED Pozn\u00e1mka: &hellip; Pokra\u010dovat ve \u010dten\u00ed \"St\u016fl Stelvio Solar\"","og_url":"https:\/\/www.urban-furniture.cz\/index.php\/stul-stelvio-solar\/","og_site_name":"Urban-furniture","article_publisher":"https:\/\/www.facebook.com\/urbanfurniturefuture\/","article_modified_time":"2021-02-16T08:46:05+00:00","og_image":[{"url":"http:\/\/www.urban-furniture.cz\/wp-content\/uploads\/2021\/02\/55-st\u016fl-Stelvio-Solar.png"}],"twitter_card":"summary_large_image","twitter_misc":{"Odhadovan\u00e1 doba \u010dten\u00ed":"1 minuta"},"schema":{"@context":"https:\/\/schema.org","@graph":[{"@type":"WebPage","@id":"https:\/\/www.urban-furniture.cz\/index.php\/stul-stelvio-solar\/","url":"https:\/\/www.urban-furniture.cz\/index.php\/stul-stelvio-solar\/","name":"St\u016fl Stelvio Solar &bull; Urban-furniture","isPartOf":{"@id":"https:\/\/www.urban-furniture.cz\/#website"},"datePublished":"2021-02-15T21:07:24+00:00","dateModified":"2021-02-16T08:46:05+00:00","breadcrumb":{"@id":"https:\/\/www.urban-furniture.cz\/index.php\/stul-stelvio-solar\/#breadcrumb"},"inLanguage":"cs","potentialAction":[{"@type":"ReadAction","target":["https:\/\/www.urban-furniture.cz\/index.php\/stul-stelvio-solar\/"]}]},{"@type":"BreadcrumbList","@id":"https:\/\/www.urban-furniture.cz\/index.php\/stul-stelvio-solar\/#breadcrumb","itemListElement":[{"@type":"ListItem","position":1,"name":"Dom\u016f","item":"https:\/\/www.urban-furniture.cz\/"},{"@type":"ListItem","position":2,"name":"St\u016fl Stelvio Solar"}]},{"@type":"WebSite","@id":"https:\/\/www.urban-furniture.cz\/#website","url":"https:\/\/www.urban-furniture.cz\/","name":"M\u011bstsk\u00fd mobili\u00e1\u0159","description":"m\u011bstsk\u00fd mobili\u00e1\u0159 na m\u00edru","publisher":{"@id":"https:\/\/www.urban-furniture.cz\/#organization"},"potentialAction":[{"@type":"SearchAction","target":{"@type":"EntryPoint","urlTemplate":"https:\/\/www.urban-furniture.cz\/?s={search_term_string}"},"query-input":"required name=search_term_string"}],"inLanguage":"cs"},{"@type":"Organization","@id":"https:\/\/www.urban-furniture.cz\/#organization","name":"Urban-furniture s.r.o.","url":"https:\/\/www.urban-furniture.cz\/","logo":{"@type":"ImageObject","inLanguage":"cs","@id":"https:\/\/www.urban-furniture.cz\/#\/schema\/logo\/image\/","url":"https:\/\/www.urban-furniture.cz\/wp-content\/uploads\/2018\/08\/logo-urban.png","contentUrl":"https:\/\/www.urban-furniture.cz\/wp-content\/uploads\/2018\/08\/logo-urban.png","width":1215,"height":413,"caption":"Urban-furniture s.r.o."},"image":{"@id":"https:\/\/www.urban-furniture.cz\/#\/schema\/logo\/image\/"},"sameAs":["https:\/\/www.facebook.com\/urbanfurniturefuture\/"]}]}},"_links":{"self":[{"href":"https:\/\/www.urban-furniture.cz\/index.php\/wp-json\/wp\/v2\/pages\/1634"}],"collection":[{"href":"https:\/\/www.urban-furniture.cz\/index.php\/wp-json\/wp\/v2\/pages"}],"about":[{"href":"https:\/\/www.urban-furniture.cz\/index.php\/wp-json\/wp\/v2\/types\/page"}],"author":[{"embeddable":true,"href":"https:\/\/www.urban-furniture.cz\/index.php\/wp-json\/wp\/v2\/users\/1"}],"replies":[{"embeddable":true,"href":"https:\/\/www.urban-furniture.cz\/index.php\/wp-json\/wp\/v2\/comments?post=1634"}],"version-history":[{"count":2,"href":"https:\/\/www.urban-furniture.cz\/index.php\/wp-json\/wp\/v2\/pages\/1634\/revisions"}],"predecessor-version":[{"id":1682,"href":"https:\/\/www.urban-furniture.cz\/index.php\/wp-json\/wp\/v2\/pages\/1634\/revisions\/1682"}],"wp:attachment":[{"href":"https:\/\/www.urban-furniture.cz\/index.php\/wp-json\/wp\/v2\/media?parent=1634"}],"curies":[{"name":"wp","href":"https:\/\/api.w.org\/{rel}","templated":true}]}}