{"id":1391,"date":"2021-02-15T10:51:37","date_gmt":"2021-02-15T10:51:37","guid":{"rendered":"http:\/\/www.urban-furniture.cz\/?page_id=1391"},"modified":"2021-02-15T10:51:39","modified_gmt":"2021-02-15T10:51:39","slug":"lavicka-milano-1","status":"publish","type":"page","link":"https:\/\/www.urban-furniture.cz\/index.php\/lavicka-milano-1\/","title":{"rendered":"Lavi\u010dka Milano 1"},"content":{"rendered":"\n<figure class=\"wp-block-table\"><table><tbody><tr><td><img decoding=\"async\" loading=\"lazy\" width=\"956\" height=\"535\" class=\"wp-image-1398\" src=\"http:\/\/www.urban-furniture.cz\/wp-content\/uploads\/2021\/02\/16-lavi\u010dka-Milano-1.png\" alt=\"\" style=\"width: 1500px;\" srcset=\"https:\/\/www.urban-furniture.cz\/wp-content\/uploads\/2021\/02\/16-lavi\u010dka-Milano-1.png 956w, https:\/\/www.urban-furniture.cz\/wp-content\/uploads\/2021\/02\/16-lavi\u010dka-Milano-1-300x168.png 300w, https:\/\/www.urban-furniture.cz\/wp-content\/uploads\/2021\/02\/16-lavi\u010dka-Milano-1-768x430.png 768w, https:\/\/www.urban-furniture.cz\/wp-content\/uploads\/2021\/02\/16-lavi\u010dka-Milano-1-24x13.png 24w, https:\/\/www.urban-furniture.cz\/wp-content\/uploads\/2021\/02\/16-lavi\u010dka-Milano-1-36x20.png 36w, https:\/\/www.urban-furniture.cz\/wp-content\/uploads\/2021\/02\/16-lavi\u010dka-Milano-1-48x27.png 48w\" sizes=\"(max-width: 706px) 89vw, (max-width: 767px) 82vw, 740px\" \/><\/td><td>Modern\u00ed a jednoduch\u00e1 lavi\u010dka vyroben\u00e1 z pr\u00e1\u0161kov\u011b lakovan\u00e9 oceli se zinkov\u00fdm z\u00e1kladem a HPL lamel. Lavi\u010dku je mo\u017eno instalovat jak napevno, tak i jako voln\u011b stoj\u00edc\u00ed.<\/td><\/tr><\/tbody><\/table><\/figure>\n\n\n\n<figure class=\"wp-block-table\"><table><tbody><tr><td class=\"has-text-align-center\" data-align=\"center\"><img decoding=\"async\" loading=\"lazy\" width=\"1280\" height=\"700\" class=\"wp-image-1392\" src=\"http:\/\/www.urban-furniture.cz\/wp-content\/uploads\/2021\/02\/16-lavi\u010dka-Milano-1-front.jpg\" alt=\"\" style=\"width: 500px;\" srcset=\"https:\/\/www.urban-furniture.cz\/wp-content\/uploads\/2021\/02\/16-lavi\u010dka-Milano-1-front.jpg 1280w, https:\/\/www.urban-furniture.cz\/wp-content\/uploads\/2021\/02\/16-lavi\u010dka-Milano-1-front-300x164.jpg 300w, https:\/\/www.urban-furniture.cz\/wp-content\/uploads\/2021\/02\/16-lavi\u010dka-Milano-1-front-1024x560.jpg 1024w, https:\/\/www.urban-furniture.cz\/wp-content\/uploads\/2021\/02\/16-lavi\u010dka-Milano-1-front-768x420.jpg 768w, https:\/\/www.urban-furniture.cz\/wp-content\/uploads\/2021\/02\/16-lavi\u010dka-Milano-1-front-24x13.jpg 24w, https:\/\/www.urban-furniture.cz\/wp-content\/uploads\/2021\/02\/16-lavi\u010dka-Milano-1-front-36x20.jpg 36w, https:\/\/www.urban-furniture.cz\/wp-content\/uploads\/2021\/02\/16-lavi\u010dka-Milano-1-front-48x26.jpg 48w\" sizes=\"(max-width: 706px) 89vw, (max-width: 767px) 82vw, 740px\" \/><\/td><td class=\"has-text-align-center\" data-align=\"center\"><img decoding=\"async\" loading=\"lazy\" width=\"1280\" height=\"700\" class=\"wp-image-1394\" src=\"http:\/\/www.urban-furniture.cz\/wp-content\/uploads\/2021\/02\/16-lavi\u010dka-Milano-1-top.jpg\" alt=\"\" style=\"width: 500px;\" srcset=\"https:\/\/www.urban-furniture.cz\/wp-content\/uploads\/2021\/02\/16-lavi\u010dka-Milano-1-top.jpg 1280w, https:\/\/www.urban-furniture.cz\/wp-content\/uploads\/2021\/02\/16-lavi\u010dka-Milano-1-top-300x164.jpg 300w, https:\/\/www.urban-furniture.cz\/wp-content\/uploads\/2021\/02\/16-lavi\u010dka-Milano-1-top-1024x560.jpg 1024w, https:\/\/www.urban-furniture.cz\/wp-content\/uploads\/2021\/02\/16-lavi\u010dka-Milano-1-top-768x420.jpg 768w, https:\/\/www.urban-furniture.cz\/wp-content\/uploads\/2021\/02\/16-lavi\u010dka-Milano-1-top-24x13.jpg 24w, https:\/\/www.urban-furniture.cz\/wp-content\/uploads\/2021\/02\/16-lavi\u010dka-Milano-1-top-36x20.jpg 36w, https:\/\/www.urban-furniture.cz\/wp-content\/uploads\/2021\/02\/16-lavi\u010dka-Milano-1-top-48x26.jpg 48w\" sizes=\"(max-width: 706px) 89vw, (max-width: 767px) 82vw, 740px\" \/><\/td><td class=\"has-text-align-center\" data-align=\"center\"><img decoding=\"async\" loading=\"lazy\" width=\"1280\" height=\"700\" class=\"wp-image-1393\" src=\"http:\/\/www.urban-furniture.cz\/wp-content\/uploads\/2021\/02\/16-lavi\u010dka-Milano-1-left.jpg\" alt=\"\" style=\"width: 500px;\" srcset=\"https:\/\/www.urban-furniture.cz\/wp-content\/uploads\/2021\/02\/16-lavi\u010dka-Milano-1-left.jpg 1280w, https:\/\/www.urban-furniture.cz\/wp-content\/uploads\/2021\/02\/16-lavi\u010dka-Milano-1-left-300x164.jpg 300w, https:\/\/www.urban-furniture.cz\/wp-content\/uploads\/2021\/02\/16-lavi\u010dka-Milano-1-left-1024x560.jpg 1024w, https:\/\/www.urban-furniture.cz\/wp-content\/uploads\/2021\/02\/16-lavi\u010dka-Milano-1-left-768x420.jpg 768w, https:\/\/www.urban-furniture.cz\/wp-content\/uploads\/2021\/02\/16-lavi\u010dka-Milano-1-left-24x13.jpg 24w, https:\/\/www.urban-furniture.cz\/wp-content\/uploads\/2021\/02\/16-lavi\u010dka-Milano-1-left-36x20.jpg 36w, https:\/\/www.urban-furniture.cz\/wp-content\/uploads\/2021\/02\/16-lavi\u010dka-Milano-1-left-48x26.jpg 48w\" sizes=\"(max-width: 706px) 89vw, (max-width: 767px) 82vw, 740px\" \/><\/td><\/tr><tr><td class=\"has-text-align-center\" data-align=\"center\">P\u0158EDN\u00cd POHLED<\/td><td class=\"has-text-align-center\" data-align=\"center\">HORN\u00cd POHLED<\/td><td class=\"has-text-align-center\" data-align=\"center\">BO\u010cN\u00cd POHLED<\/td><\/tr><\/tbody><\/table><\/figure>\n\n\n\n<figure class=\"wp-block-table\"><table><tbody><tr><td><strong>Ke sta\u017een\u00ed<\/strong><\/td><td><\/td><\/tr><tr><td>Katalogov\u00fd list \u25bf<\/td><td>00 MB<\/td><\/tr><tr><td>Instala\u010dn\u00ed manu\u00e1l \u25bf<\/td><td>00 MB<\/td><\/tr><tr><td>Katalog \u25bf<\/td><td>00 MB<\/td><\/tr><\/tbody><\/table><\/figure>\n\n\n\n<p>\u25c1\u25c1 <a href=\"https:\/\/www.urban-furniture.cz\/index.php\/lavicky-2\/\">ZP\u011aT<\/a><\/p>\n","protected":false},"excerpt":{"rendered":"<p>Modern\u00ed a jednoduch\u00e1 lavi\u010dka vyroben\u00e1 z pr\u00e1\u0161kov\u011b lakovan\u00e9 oceli se zinkov\u00fdm z\u00e1kladem a HPL lamel. Lavi\u010dku je mo\u017eno instalovat jak napevno, tak i jako voln\u011b stoj\u00edc\u00ed. P\u0158EDN\u00cd POHLED HORN\u00cd POHLED BO\u010cN\u00cd POHLED Ke sta\u017een\u00ed Katalogov\u00fd list \u25bf 00 MB Instala\u010dn\u00ed manu\u00e1l \u25bf 00 MB Katalog \u25bf 00 MB \u25c1\u25c1 ZP\u011aT<\/p>\n","protected":false},"author":1,"featured_media":0,"parent":0,"menu_order":0,"comment_status":"closed","ping_status":"closed","template":"","meta":{"content-type":""},"yoast_head":"<!-- This site is optimized with the Yoast SEO plugin v20.2.1 - https:\/\/yoast.com\/wordpress\/plugins\/seo\/ -->\n<title>Lavi\u010dka Milano 1 &bull; Urban-furniture<\/title>\n<meta name=\"robots\" content=\"index, follow, max-snippet:-1, max-image-preview:large, max-video-preview:-1\" \/>\n<link rel=\"canonical\" href=\"https:\/\/www.urban-furniture.cz\/index.php\/lavicka-milano-1\/\" \/>\n<meta property=\"og:locale\" content=\"cs_CZ\" \/>\n<meta property=\"og:type\" content=\"article\" \/>\n<meta property=\"og:title\" content=\"Lavi\u010dka Milano 1 &bull; Urban-furniture\" \/>\n<meta property=\"og:description\" content=\"Modern\u00ed a jednoduch\u00e1 lavi\u010dka vyroben\u00e1 z pr\u00e1\u0161kov\u011b lakovan\u00e9 oceli se zinkov\u00fdm z\u00e1kladem a HPL lamel. Lavi\u010dku je mo\u017eno instalovat jak napevno, tak i jako voln\u011b stoj\u00edc\u00ed. P\u0158EDN\u00cd POHLED HORN\u00cd POHLED BO\u010cN\u00cd POHLED Ke sta\u017een\u00ed Katalogov\u00fd list \u25bf 00 MB Instala\u010dn\u00ed manu\u00e1l \u25bf 00 MB Katalog \u25bf 00 MB \u25c1\u25c1 ZP\u011aT\" \/>\n<meta property=\"og:url\" content=\"https:\/\/www.urban-furniture.cz\/index.php\/lavicka-milano-1\/\" \/>\n<meta property=\"og:site_name\" content=\"Urban-furniture\" \/>\n<meta property=\"article:publisher\" content=\"https:\/\/www.facebook.com\/urbanfurniturefuture\/\" \/>\n<meta property=\"article:modified_time\" content=\"2021-02-15T10:51:39+00:00\" \/>\n<meta property=\"og:image\" content=\"http:\/\/www.urban-furniture.cz\/wp-content\/uploads\/2021\/02\/16-lavi\u010dka-Milano-1.png\" \/>\n<meta name=\"twitter:card\" content=\"summary_large_image\" \/>\n<script type=\"application\/ld+json\" class=\"yoast-schema-graph\">{\"@context\":\"https:\/\/schema.org\",\"@graph\":[{\"@type\":\"WebPage\",\"@id\":\"https:\/\/www.urban-furniture.cz\/index.php\/lavicka-milano-1\/\",\"url\":\"https:\/\/www.urban-furniture.cz\/index.php\/lavicka-milano-1\/\",\"name\":\"Lavi\u010dka Milano 1 &bull; Urban-furniture\",\"isPartOf\":{\"@id\":\"https:\/\/www.urban-furniture.cz\/#website\"},\"datePublished\":\"2021-02-15T10:51:37+00:00\",\"dateModified\":\"2021-02-15T10:51:39+00:00\",\"breadcrumb\":{\"@id\":\"https:\/\/www.urban-furniture.cz\/index.php\/lavicka-milano-1\/#breadcrumb\"},\"inLanguage\":\"cs\",\"potentialAction\":[{\"@type\":\"ReadAction\",\"target\":[\"https:\/\/www.urban-furniture.cz\/index.php\/lavicka-milano-1\/\"]}]},{\"@type\":\"BreadcrumbList\",\"@id\":\"https:\/\/www.urban-furniture.cz\/index.php\/lavicka-milano-1\/#breadcrumb\",\"itemListElement\":[{\"@type\":\"ListItem\",\"position\":1,\"name\":\"Dom\u016f\",\"item\":\"https:\/\/www.urban-furniture.cz\/\"},{\"@type\":\"ListItem\",\"position\":2,\"name\":\"Lavi\u010dka Milano 1\"}]},{\"@type\":\"WebSite\",\"@id\":\"https:\/\/www.urban-furniture.cz\/#website\",\"url\":\"https:\/\/www.urban-furniture.cz\/\",\"name\":\"M\u011bstsk\u00fd mobili\u00e1\u0159\",\"description\":\"m\u011bstsk\u00fd mobili\u00e1\u0159 na m\u00edru\",\"publisher\":{\"@id\":\"https:\/\/www.urban-furniture.cz\/#organization\"},\"potentialAction\":[{\"@type\":\"SearchAction\",\"target\":{\"@type\":\"EntryPoint\",\"urlTemplate\":\"https:\/\/www.urban-furniture.cz\/?s={search_term_string}\"},\"query-input\":\"required name=search_term_string\"}],\"inLanguage\":\"cs\"},{\"@type\":\"Organization\",\"@id\":\"https:\/\/www.urban-furniture.cz\/#organization\",\"name\":\"Urban-furniture s.r.o.\",\"url\":\"https:\/\/www.urban-furniture.cz\/\",\"logo\":{\"@type\":\"ImageObject\",\"inLanguage\":\"cs\",\"@id\":\"https:\/\/www.urban-furniture.cz\/#\/schema\/logo\/image\/\",\"url\":\"https:\/\/www.urban-furniture.cz\/wp-content\/uploads\/2018\/08\/logo-urban.png\",\"contentUrl\":\"https:\/\/www.urban-furniture.cz\/wp-content\/uploads\/2018\/08\/logo-urban.png\",\"width\":1215,\"height\":413,\"caption\":\"Urban-furniture s.r.o.\"},\"image\":{\"@id\":\"https:\/\/www.urban-furniture.cz\/#\/schema\/logo\/image\/\"},\"sameAs\":[\"https:\/\/www.facebook.com\/urbanfurniturefuture\/\"]}]}<\/script>\n<!-- \/ Yoast SEO plugin. -->","yoast_head_json":{"title":"Lavi\u010dka Milano 1 &bull; Urban-furniture","robots":{"index":"index","follow":"follow","max-snippet":"max-snippet:-1","max-image-preview":"max-image-preview:large","max-video-preview":"max-video-preview:-1"},"canonical":"https:\/\/www.urban-furniture.cz\/index.php\/lavicka-milano-1\/","og_locale":"cs_CZ","og_type":"article","og_title":"Lavi\u010dka Milano 1 &bull; Urban-furniture","og_description":"Modern\u00ed a jednoduch\u00e1 lavi\u010dka vyroben\u00e1 z pr\u00e1\u0161kov\u011b lakovan\u00e9 oceli se zinkov\u00fdm z\u00e1kladem a HPL lamel. Lavi\u010dku je mo\u017eno instalovat jak napevno, tak i jako voln\u011b stoj\u00edc\u00ed. P\u0158EDN\u00cd POHLED HORN\u00cd POHLED BO\u010cN\u00cd POHLED Ke sta\u017een\u00ed Katalogov\u00fd list \u25bf 00 MB Instala\u010dn\u00ed manu\u00e1l \u25bf 00 MB Katalog \u25bf 00 MB \u25c1\u25c1 ZP\u011aT","og_url":"https:\/\/www.urban-furniture.cz\/index.php\/lavicka-milano-1\/","og_site_name":"Urban-furniture","article_publisher":"https:\/\/www.facebook.com\/urbanfurniturefuture\/","article_modified_time":"2021-02-15T10:51:39+00:00","og_image":[{"url":"http:\/\/www.urban-furniture.cz\/wp-content\/uploads\/2021\/02\/16-lavi\u010dka-Milano-1.png"}],"twitter_card":"summary_large_image","schema":{"@context":"https:\/\/schema.org","@graph":[{"@type":"WebPage","@id":"https:\/\/www.urban-furniture.cz\/index.php\/lavicka-milano-1\/","url":"https:\/\/www.urban-furniture.cz\/index.php\/lavicka-milano-1\/","name":"Lavi\u010dka Milano 1 &bull; Urban-furniture","isPartOf":{"@id":"https:\/\/www.urban-furniture.cz\/#website"},"datePublished":"2021-02-15T10:51:37+00:00","dateModified":"2021-02-15T10:51:39+00:00","breadcrumb":{"@id":"https:\/\/www.urban-furniture.cz\/index.php\/lavicka-milano-1\/#breadcrumb"},"inLanguage":"cs","potentialAction":[{"@type":"ReadAction","target":["https:\/\/www.urban-furniture.cz\/index.php\/lavicka-milano-1\/"]}]},{"@type":"BreadcrumbList","@id":"https:\/\/www.urban-furniture.cz\/index.php\/lavicka-milano-1\/#breadcrumb","itemListElement":[{"@type":"ListItem","position":1,"name":"Dom\u016f","item":"https:\/\/www.urban-furniture.cz\/"},{"@type":"ListItem","position":2,"name":"Lavi\u010dka Milano 1"}]},{"@type":"WebSite","@id":"https:\/\/www.urban-furniture.cz\/#website","url":"https:\/\/www.urban-furniture.cz\/","name":"M\u011bstsk\u00fd mobili\u00e1\u0159","description":"m\u011bstsk\u00fd mobili\u00e1\u0159 na m\u00edru","publisher":{"@id":"https:\/\/www.urban-furniture.cz\/#organization"},"potentialAction":[{"@type":"SearchAction","target":{"@type":"EntryPoint","urlTemplate":"https:\/\/www.urban-furniture.cz\/?s={search_term_string}"},"query-input":"required name=search_term_string"}],"inLanguage":"cs"},{"@type":"Organization","@id":"https:\/\/www.urban-furniture.cz\/#organization","name":"Urban-furniture s.r.o.","url":"https:\/\/www.urban-furniture.cz\/","logo":{"@type":"ImageObject","inLanguage":"cs","@id":"https:\/\/www.urban-furniture.cz\/#\/schema\/logo\/image\/","url":"https:\/\/www.urban-furniture.cz\/wp-content\/uploads\/2018\/08\/logo-urban.png","contentUrl":"https:\/\/www.urban-furniture.cz\/wp-content\/uploads\/2018\/08\/logo-urban.png","width":1215,"height":413,"caption":"Urban-furniture s.r.o."},"image":{"@id":"https:\/\/www.urban-furniture.cz\/#\/schema\/logo\/image\/"},"sameAs":["https:\/\/www.facebook.com\/urbanfurniturefuture\/"]}]}},"_links":{"self":[{"href":"https:\/\/www.urban-furniture.cz\/index.php\/wp-json\/wp\/v2\/pages\/1391"}],"collection":[{"href":"https:\/\/www.urban-furniture.cz\/index.php\/wp-json\/wp\/v2\/pages"}],"about":[{"href":"https:\/\/www.urban-furniture.cz\/index.php\/wp-json\/wp\/v2\/types\/page"}],"author":[{"embeddable":true,"href":"https:\/\/www.urban-furniture.cz\/index.php\/wp-json\/wp\/v2\/users\/1"}],"replies":[{"embeddable":true,"href":"https:\/\/www.urban-furniture.cz\/index.php\/wp-json\/wp\/v2\/comments?post=1391"}],"version-history":[{"count":1,"href":"https:\/\/www.urban-furniture.cz\/index.php\/wp-json\/wp\/v2\/pages\/1391\/revisions"}],"predecessor-version":[{"id":1400,"href":"https:\/\/www.urban-furniture.cz\/index.php\/wp-json\/wp\/v2\/pages\/1391\/revisions\/1400"}],"wp:attachment":[{"href":"https:\/\/www.urban-furniture.cz\/index.php\/wp-json\/wp\/v2\/media?parent=1391"}],"curies":[{"name":"wp","href":"https:\/\/api.w.org\/{rel}","templated":true}]}}